{"id":925,"date":"2025-06-09T14:45:13","date_gmt":"2025-06-09T12:45:13","guid":{"rendered":"https:\/\/agro-expert.eu\/?post_type=product&#038;p=925"},"modified":"2025-07-03T15:54:09","modified_gmt":"2025-07-03T13:54:09","slug":"soler-c-5l-odzywka-na-zboze","status":"publish","type":"product","link":"https:\/\/agro-expert.eu\/?product=soler-c-5l-odzywka-na-zboze","title":{"rendered":"SOLER  C- 5L (Od\u017cywka na zbo\u017ce)"},"content":{"rendered":"<div class=\"et_pb_module et_pb_image et_pb_image_0\"><\/div>\n<div class=\"et_pb_module et_pb_text et_pb_text_0 et_pb_text_align_left et_pb_bg_layout_light\">\n<div class=\"et_pb_text_inner\">\n<h1 id=\"headline-8-71\" class=\"ct-headline oxy-nawozy\"><strong>SOLER C<\/strong><\/h1>\n<h2 id=\"headline-9-71\" class=\"ct-headline\">Od\u017cywka na zbo\u017ce<\/h2>\n<div id=\"text_block-10-71\" class=\"ct-text-block\">Nowoczesny i wydajny naw\u00f3z mikroelementowy SOLER C w postaci \u017celowej, zosta\u0142 stworzony jako dedykowana od\u017cywka na zbo\u017ce. Naw\u00f3z dolistny na zbo\u017ca SOLER C charakteryzuje si\u0119 wysok\u0105 zawarto\u015bci\u0105 miedzi systemicznej i siarki. Sk\u0142adniki mikroelementowe obecne w preparacie korzystnie wp\u0142ywaj\u0105 na uprawy zb\u00f3\u017c, dzia\u0142aj\u0105c wzmacniaj\u0105co, prozdrowotnie, dezynfekuj\u0105co oraz stymuluj\u0105co. Siarka i \u0142atwo przyswajalna mied\u017a systemiczna wspieraj\u0105 odporno\u015b\u0107 ro\u015blin na infekcje grzybowe, a zastosowane zaawansowane technologie SILEVEL\u2122 i QM6\u2122 znacz\u0105co podnosz\u0105 skuteczno\u015b\u0107 od\u017cywki na zbo\u017ce SOLER C.<\/div>\n<p><img fetchpriority=\"high\" decoding=\"async\" class=\"aligncenter wp-image-922 size-full\" src=\"https:\/\/agro-expert.eu\/wp-content\/uploads\/2025\/06\/Zrzut-ekranu-2025-06-9-o-14.41.52.png\" alt=\"\" width=\"1210\" height=\"318\" srcset=\"https:\/\/agro-expert.eu\/wp-content\/uploads\/2025\/06\/Zrzut-ekranu-2025-06-9-o-14.41.52.png 1210w, https:\/\/agro-expert.eu\/wp-content\/uploads\/2025\/06\/Zrzut-ekranu-2025-06-9-o-14.41.52-300x79.png 300w, https:\/\/agro-expert.eu\/wp-content\/uploads\/2025\/06\/Zrzut-ekranu-2025-06-9-o-14.41.52-1024x269.png 1024w, https:\/\/agro-expert.eu\/wp-content\/uploads\/2025\/06\/Zrzut-ekranu-2025-06-9-o-14.41.52-768x202.png 768w, https:\/\/agro-expert.eu\/wp-content\/uploads\/2025\/06\/Zrzut-ekranu-2025-06-9-o-14.41.52-600x158.png 600w\" sizes=\"(max-width: 1210px) 100vw, 1210px\" \/><\/p>\n<p><strong>DZIA\u0141ANIE:<\/strong><\/p>\n<p>Mikroelementy zawarte w od\u017cywce na zbo\u017ce SOLER C, takie jak mied\u017a (Cu), mangan (Mn) i cynk (Zn) s\u0105 kluczowe dla upraw zbo\u017cowych, kt\u00f3re s\u0105 szczeg\u00f3lnie wra\u017cliwe na braki tych sk\u0142adnik\u00f3w. Efektywno\u015b\u0107 wykorzystania azotu jako g\u0142\u00f3wnego budulca wp\u0142ywaj\u0105cego na plony, zwi\u0119kszy si\u0119, je\u015bli uwzgl\u0119dni si\u0119 potrzeby zb\u00f3\u017c w mikroelementy podczas nawo\u017cenia dolistnego. Zbo\u017ca takie jak pszenica, j\u0119czmie\u0144, owies i \u017cyto s\u0105 podatne na braki miedzi systemicznej, kt\u00f3ra odgrywa kluczow\u0105 rol\u0119 w optymalnym pobieraniu azotu mineralnego i stymulacji wzrostu krzewienia ro\u015blin.<\/p>\n<p>Dzi\u0119ki technologii SILEVEL\u2122, hydro\u017cele oparte na krzemie w nawozie dolistnym SOLER C tworz\u0105 swoiste \u201ekieszenie\u201d lub przestrzenie, w kt\u00f3rych zatrzymywane s\u0105 sk\u0142adniki od\u017cywcze. Kiedy te hydro\u017cele wejd\u0105 w kontakt z ro\u015blin\u0105, uwalnianie sk\u0142adnik\u00f3w od\u017cywczych zachodzi stopniowo i efektywnie, co wyd\u0142u\u017ca czas, przez kt\u00f3ry ro\u015bliny mog\u0105 z nich korzysta\u0107. W\u0142a\u015bciwo\u015bci higroskopijne dolistnej od\u017cwyki na zbo\u017ca SOLER C sprawiaj\u0105, \u017ce jest on odporny na wysychanie i szybko przyci\u0105ga wilgo\u0107, co pozwala mu pozostawa\u0107 na ro\u015blinie nawet podczas pory deszczowej, zapewniaj\u0105c skuteczne dzia\u0142anie od\u017cywki na zbo\u017ce.<\/p>\n<p>Ponadto, preparat zosta\u0142 wzbogacony o mechanizm stymuluj\u0105cy QM6\u2122, kt\u00f3ry aktywuje naturalne mechanizmy obronne ro\u015bliny. Ten system powoduje, \u017ce ro\u015blina jest lepiej przygotowana do magazynowania wody i sk\u0142adnik\u00f3w od\u017cywczych zawartych w od\u017cywce na zbo\u017ca SOLER C. W rezultacie tego kompleksowego procesu mo\u017cna osi\u0105gn\u0105\u0107 obfite plony o wysokiej jako\u015bci.<\/p>\n<p><strong style=\"font-size: inherit; font-family: -apple-system, system-ui, BlinkMacSystemFont, 'Segoe UI', Helvetica, Arial, sans-serif, 'Apple Color Emoji', 'Segoe UI Emoji', 'Segoe UI Symbol';\">SK\u0141AD:\u00a0<\/strong><\/p>\n<\/div>\n<div class=\"et_pb_text_inner\">\n<section id=\"section-50-47\" class=\" ct-section oxy-margin-bottom\">\n<div class=\"ct-section-inner-wrap\">\n<div id=\"_tabs_contents-60-47\" class=\"oxy-tabs-contents-wrapper oxy-tabs-contents\">\n<div id=\"_tab_content-64-47\" class=\"oxy-tab-content tabs-contents-2212-tab\">\n<div id=\"div_block-65-47\" class=\"ct-div-block\">\n<div id=\"_rich_text-66-47\" class=\"oxy-rich-text\">\n<section id=\"section-51-85\" class=\" ct-section oxy-margin-bottom\">\n<div class=\"ct-section-inner-wrap\">\n<div id=\"_tabs_contents-61-85\" class=\"oxy-tabs-contents-wrapper oxy-tabs-contents\">\n<div id=\"_tab_content-65-85\" class=\"oxy-tab-content tabs-contents-2212-tab\">\n<div id=\"div_block-66-85\" class=\"ct-div-block\">\n<div id=\"_rich_text-67-85\" class=\"oxy-rich-text\">\n<section id=\"section-51-83\" class=\" ct-section oxy-margin-bottom\">\n<div class=\"ct-section-inner-wrap\">\n<div id=\"_tabs_contents-61-83\" class=\"oxy-tabs-contents-wrapper oxy-tabs-contents\">\n<div id=\"_tab_content-65-83\" class=\"oxy-tab-content tabs-contents-2212-tab\">\n<div id=\"div_block-66-83\" class=\"ct-div-block\">\n<div id=\"_rich_text-67-83\" class=\"oxy-rich-text\">\n<section id=\"section-49-77\" class=\" ct-section oxy-margin-bottom\">\n<div class=\"ct-section-inner-wrap\">\n<div id=\"_tabs_contents-59-77\" class=\"oxy-tabs-contents-wrapper oxy-tabs-contents\">\n<div id=\"_tab_content-63-77\" class=\"oxy-tab-content tabs-contents-2212-tab\">\n<div id=\"div_block-64-77\" class=\"ct-div-block\">\n<div id=\"_rich_text-65-77\" class=\"oxy-rich-text\">\n<section id=\"section-51-79\" class=\" ct-section oxy-margin-bottom\">\n<div class=\"ct-section-inner-wrap\">\n<div id=\"_tabs_contents-61-79\" class=\"oxy-tabs-contents-wrapper oxy-tabs-contents\">\n<div id=\"_tab_content-65-79\" class=\"oxy-tab-content tabs-contents-2212-tab\">\n<div id=\"div_block-66-79\" class=\"ct-div-block\">\n<div id=\"_rich_text-67-79\" class=\"oxy-rich-text\">\n<section id=\"section-51-81\" class=\" ct-section oxy-margin-bottom\">\n<div class=\"ct-section-inner-wrap\">\n<div id=\"_tabs_contents-61-81\" class=\"oxy-tabs-contents-wrapper oxy-tabs-contents\">\n<div id=\"_tab_content-65-81\" class=\"oxy-tab-content tabs-contents-2212-tab\">\n<div id=\"div_block-66-81\" class=\"ct-div-block\">\n<div id=\"_rich_text-67-81\" class=\"oxy-rich-text\">\n<section id=\"section-49-69\" class=\" ct-section oxy-margin-bottom\">\n<div class=\"ct-section-inner-wrap\">\n<div id=\"_tabs_contents-59-69\" class=\"oxy-tabs-contents-wrapper oxy-tabs-contents\">\n<div id=\"_tab_content-63-69\" class=\"oxy-tab-content tabs-contents-2212-tab\">\n<div id=\"div_block-64-69\" class=\"ct-div-block\">\n<div id=\"_rich_text-65-69\" class=\"oxy-rich-text\">\n<section id=\"section-49-71\" class=\" ct-section oxy-margin-bottom\">\n<div class=\"ct-section-inner-wrap\">\n<div id=\"_tabs_contents-59-71\" class=\"oxy-tabs-contents-wrapper oxy-tabs-contents\">\n<div id=\"_tab_content-63-71\" class=\"oxy-tab-content tabs-contents-2212-tab\">\n<div id=\"div_block-64-71\" class=\"ct-div-block\">\n<div id=\"_rich_text-65-71\" class=\"oxy-rich-text\">\n<p>Bor (B) \u2013 0,10% (w\/w), Mied\u017a (Cu) \u2013 2,50% (w\/w), Mangan (Mn) \u2013 4,00% (w\/w), Molibden (Mo) \u2013 0,02% (w\/w), Cynk (Zn) \u2013 3,50% (w\/w), Siarka (SO3) \u2013 13,50% (w\/w).<\/p>\n<\/div>\n<\/div>\n<\/div>\n<\/div>\n<\/div>\n<\/section>\n<section id=\"section-71-71\" class=\" ct-section oxy-margin-bottom\">\n<div class=\"ct-section-inner-wrap\"><\/div>\n<\/section>\n<\/div>\n<\/div>\n<\/div>\n<\/div>\n<\/div>\n<\/section>\n<section id=\"section-118-69\" class=\" ct-section oxy-margin-bottom\">\n<div class=\"ct-section-inner-wrap\"><\/div>\n<\/section>\n<\/div>\n<\/div>\n<\/div>\n<\/div>\n<\/div>\n<\/section>\n<section id=\"section-112-81\" class=\" ct-section oxy-margin-bottom-last\">\n<div class=\"ct-section-inner-wrap\"><\/div>\n<\/section>\n<\/div>\n<\/div>\n<\/div>\n<\/div>\n<\/div>\n<\/section>\n<\/div>\n<\/div>\n<\/div>\n<\/div>\n<\/div>\n<\/section>\n<\/div>\n<\/div>\n<\/div>\n<\/div>\n<\/div>\n<\/section>\n<\/div>\n<\/div>\n<\/div>\n<\/div>\n<\/div>\n<\/section>\n<section id=\"section-112-85\" class=\" ct-section oxy-margin-bottom-last\">\n<div class=\"ct-section-inner-wrap\"><\/div>\n<\/section>\n<\/div>\n<\/div>\n<\/div>\n<\/div>\n<\/div>\n<\/section>\n<section id=\"section-1383-47\" class=\" ct-section oxy-margin-bottom\">\n<div class=\"ct-section-inner-wrap\">\n<p><strong><strong>Dawkowanie:<\/strong><\/strong><\/p>\n<section id=\"section-49-77\" class=\" ct-section oxy-margin-bottom\">\n<div class=\"ct-section-inner-wrap\">\n<div id=\"_tabs_contents-59-77\" class=\"oxy-tabs-contents-wrapper oxy-tabs-contents\">\n<div id=\"_tab_content-66-77\" class=\"oxy-tab-content tabs-contents-2212-tab\">\n<div id=\"div_block-67-77\" class=\"ct-div-block\">\n<div id=\"_rich_text-68-77\" class=\"oxy-rich-text\">\n<section id=\"section-51-79\" class=\" ct-section oxy-margin-bottom\">\n<div class=\"ct-section-inner-wrap\">\n<div id=\"_tabs_contents-61-79\" class=\"oxy-tabs-contents-wrapper oxy-tabs-contents\">\n<div id=\"_tab_content-68-79\" class=\"oxy-tab-content tabs-contents-2212-tab\">\n<div id=\"div_block-69-79\" class=\"ct-div-block\">\n<div id=\"_rich_text-70-79\" class=\"oxy-rich-text\">\n<section id=\"section-51-81\" class=\" ct-section oxy-margin-bottom\">\n<div class=\"ct-section-inner-wrap\">\n<div id=\"_tabs_contents-61-81\" class=\"oxy-tabs-contents-wrapper oxy-tabs-contents\">\n<div id=\"_tab_content-68-81\" class=\"oxy-tab-content tabs-contents-2212-tab\">\n<div id=\"div_block-69-81\" class=\"ct-div-block\">\n<div id=\"_rich_text-70-81\" class=\"oxy-rich-text\"><\/div>\n<\/div>\n<\/div>\n<\/div>\n<\/div>\n<\/section>\n<section id=\"section-112-81\" class=\" ct-section oxy-margin-bottom-last\">\n<div class=\"ct-section-inner-wrap\">\n<p><img decoding=\"async\" class=\"aligncenter wp-image-923 size-full\" src=\"https:\/\/agro-expert.eu\/wp-content\/uploads\/2025\/06\/Zrzut-ekranu-2025-06-9-o-14.42.01.png\" alt=\"\" width=\"1121\" height=\"280\" srcset=\"https:\/\/agro-expert.eu\/wp-content\/uploads\/2025\/06\/Zrzut-ekranu-2025-06-9-o-14.42.01.png 1121w, https:\/\/agro-expert.eu\/wp-content\/uploads\/2025\/06\/Zrzut-ekranu-2025-06-9-o-14.42.01-300x75.png 300w, https:\/\/agro-expert.eu\/wp-content\/uploads\/2025\/06\/Zrzut-ekranu-2025-06-9-o-14.42.01-1024x256.png 1024w, https:\/\/agro-expert.eu\/wp-content\/uploads\/2025\/06\/Zrzut-ekranu-2025-06-9-o-14.42.01-768x192.png 768w, https:\/\/agro-expert.eu\/wp-content\/uploads\/2025\/06\/Zrzut-ekranu-2025-06-9-o-14.42.01-600x150.png 600w\" sizes=\"(max-width: 1121px) 100vw, 1121px\" \/><\/p>\n<h4 id=\"headline-119-69\" class=\"ct-headline\"><strong>Dodatkowe informacje:<\/strong><\/h4>\n<div id=\"text_block-140-69\" class=\"ct-text-block\">\n<section id=\"section-71-71\" class=\" ct-section oxy-margin-bottom\">\n<div class=\"ct-section-inner-wrap\">\n<div id=\"text_block-73-71\" class=\"ct-text-block\">Od\u017cywka na zbo\u017ca SOLER C ma d\u0142ugi termin przydatno\u015bci do u\u017cycia i nawet po wielomiesi\u0119cznym przechowywaniu nie traci swoich warto\u015bci u\u017cytkowych. Dost\u0119pno\u015b\u0107 opakowa\u0144 o r\u00f3\u017cnej pojemno\u015bci umo\u017cliwia zaopatrzenie si\u0119 w potrzebn\u0105 ilo\u015b\u0107 preparatu na dany sezon i optymalizacj\u0119 koszt\u00f3w nawo\u017cenia.<\/div>\n<\/div>\n<\/section>\n<section id=\"section-113-71\" class=\" ct-section oxy-margin-bottom-last\">\n<div class=\"ct-section-inner-wrap\"><\/div>\n<\/section>\n<\/div>\n<\/div>\n<\/section>\n<\/div>\n<\/div>\n<\/div>\n<\/div>\n<\/div>\n<\/section>\n<section id=\"section-120-79\" class=\" ct-section oxy-margin-bottom\">\n<div class=\"ct-section-inner-wrap\"><\/div>\n<\/section>\n<\/div>\n<\/div>\n<\/div>\n<\/div>\n<\/div>\n<\/section>\n<section id=\"section-71-77\" class=\" ct-section oxy-margin-bottom\">\n<div class=\"ct-section-inner-wrap\"><\/div>\n<\/section>\n<section id=\"section-352-87\" class=\" ct-section oxy-margin-bottom\">\n<div class=\"ct-section-inner-wrap\"><\/div>\n<\/section>\n<\/div>\n<\/section>\n<\/div>\n<\/div>\n","protected":false},"excerpt":{"rendered":"<p>SOLER C Od\u017cywka na zbo\u017ce Nowoczesny i wydajny naw\u00f3z mikroelementowy SOLER C w postaci \u017celowej, zosta\u0142 stworzony jako dedykowana od\u017cywka na zbo\u017ce. Naw\u00f3z dolistny na zbo\u017ca SOLER C charakteryzuje si\u0119 wysok\u0105 zawarto\u015bci\u0105 miedzi systemicznej i siarki. Sk\u0142adniki mikroelementowe obecne w preparacie korzystnie wp\u0142ywaj\u0105 na uprawy zb\u00f3\u017c, dzia\u0142aj\u0105c wzmacniaj\u0105co, prozdrowotnie, dezynfekuj\u0105co oraz stymuluj\u0105co. Siarka i \u0142atwo &#8230; <a title=\"SOLER  C- 5L (Od\u017cywka na zbo\u017ce)\" class=\"read-more\" href=\"https:\/\/agro-expert.eu\/?product=soler-c-5l-odzywka-na-zboze\" aria-label=\"Read more about SOLER  C- 5L (Od\u017cywka na zbo\u017ce)\">Dowiedz si\u0119 wi\u0119cej<\/a><\/p>\n","protected":false},"featured_media":926,"comment_status":"open","ping_status":"closed","template":"","meta":{"om_disable_all_campaigns":false,"_monsterinsights_skip_tracking":false,"_monsterinsights_sitenote_active":false,"_monsterinsights_sitenote_note":"","_monsterinsights_sitenote_category":0,"_uf_show_specific_survey":0,"_uf_disable_surveys":false},"product_brand":[],"product_cat":[45,49],"product_tag":[],"class_list":{"0":"post-925","1":"product","2":"type-product","3":"status-publish","4":"has-post-thumbnail","6":"product_cat-agrarius","7":"product_cat-nawozy-agrarius","9":"first","10":"instock","11":"taxable","12":"shipping-taxable","13":"purchasable","14":"product-type-simple"},"aioseo_notices":[],"jetpack_sharing_enabled":true,"_links":{"self":[{"href":"https:\/\/agro-expert.eu\/index.php?rest_route=\/wp\/v2\/product\/925","targetHints":{"allow":["GET"]}}],"collection":[{"href":"https:\/\/agro-expert.eu\/index.php?rest_route=\/wp\/v2\/product"}],"about":[{"href":"https:\/\/agro-expert.eu\/index.php?rest_route=\/wp\/v2\/types\/product"}],"replies":[{"embeddable":true,"href":"https:\/\/agro-expert.eu\/index.php?rest_route=%2Fwp%2Fv2%2Fcomments&post=925"}],"wp:featuredmedia":[{"embeddable":true,"href":"https:\/\/agro-expert.eu\/index.php?rest_route=\/wp\/v2\/media\/926"}],"wp:attachment":[{"href":"https:\/\/agro-expert.eu\/index.php?rest_route=%2Fwp%2Fv2%2Fmedia&parent=925"}],"wp:term":[{"taxonomy":"product_brand","embeddable":true,"href":"https:\/\/agro-expert.eu\/index.php?rest_route=%2Fwp%2Fv2%2Fproduct_brand&post=925"},{"taxonomy":"product_cat","embeddable":true,"href":"https:\/\/agro-expert.eu\/index.php?rest_route=%2Fwp%2Fv2%2Fproduct_cat&post=925"},{"taxonomy":"product_tag","embeddable":true,"href":"https:\/\/agro-expert.eu\/index.php?rest_route=%2Fwp%2Fv2%2Fproduct_tag&post=925"}],"curies":[{"name":"wp","href":"https:\/\/api.w.org\/{rel}","templated":true}]}}