{"id":929,"date":"2025-06-09T14:49:55","date_gmt":"2025-06-09T12:49:55","guid":{"rendered":"https:\/\/agro-expert.eu\/?post_type=product&#038;p=929"},"modified":"2025-07-03T15:54:09","modified_gmt":"2025-07-03T13:54:09","slug":"soler-k-1l-odzywka-na-kukurydze","status":"publish","type":"product","link":"https:\/\/agro-expert.eu\/?product=soler-k-1l-odzywka-na-kukurydze","title":{"rendered":"SOLER  K- 1L (Od\u017cywka na kukurydz\u0119)"},"content":{"rendered":"<div class=\"et_pb_module et_pb_image et_pb_image_0\"><\/div>\n<div class=\"et_pb_module et_pb_text et_pb_text_0 et_pb_text_align_left et_pb_bg_layout_light\">\n<div class=\"et_pb_text_inner\">\n<h1 id=\"headline-499-65\" class=\"ct-headline oxy-nawozy\"><strong>SOLER K<\/strong><\/h1>\n<h2 id=\"headline-500-65\" class=\"ct-headline\">Od\u017cywka na kukurydz\u0119<\/h2>\n<div id=\"text_block-501-65\" class=\"ct-text-block\">Preparat mikroelementowy w formie \u017celowej opracowany specjalnie pod upraw\u0119 kukurydzy to nowatorski i efektywny naw\u00f3z maj\u0105cy w sk\u0142adzie wysok\u0105 zawarto\u015b\u0107 miedzi systemicznej i siarki. Mikroelementy w nawozie pod kukurydz\u0119 SOLER K maj\u0105 korzystny wp\u0142yw na upraw\u0119 dzia\u0142aj\u0105c wzmacniaj\u0105co, prozdrowotnie, dezynfekuj\u0105co i stymuluj\u0105co. Siarka oraz \u0142atwo przyswajalna mied\u017a systemiczna wspomagaj\u0105 odporno\u015b\u0107 ro\u015blin na infekcje grzybowe, a nowoczesne technologie SILEVEL\u2122 i QM6\u2122 zastosowane w preparacie pot\u0119guj\u0105 jego skuteczno\u015b\u0107.<\/div>\n<p><img fetchpriority=\"high\" decoding=\"async\" class=\"aligncenter wp-image-931 size-full\" src=\"https:\/\/agro-expert.eu\/wp-content\/uploads\/2025\/06\/Zrzut-ekranu-2025-06-9-o-14.50.44.png\" alt=\"\" width=\"1204\" height=\"338\" srcset=\"https:\/\/agro-expert.eu\/wp-content\/uploads\/2025\/06\/Zrzut-ekranu-2025-06-9-o-14.50.44.png 1204w, https:\/\/agro-expert.eu\/wp-content\/uploads\/2025\/06\/Zrzut-ekranu-2025-06-9-o-14.50.44-300x84.png 300w, https:\/\/agro-expert.eu\/wp-content\/uploads\/2025\/06\/Zrzut-ekranu-2025-06-9-o-14.50.44-1024x287.png 1024w, https:\/\/agro-expert.eu\/wp-content\/uploads\/2025\/06\/Zrzut-ekranu-2025-06-9-o-14.50.44-768x216.png 768w, https:\/\/agro-expert.eu\/wp-content\/uploads\/2025\/06\/Zrzut-ekranu-2025-06-9-o-14.50.44-600x168.png 600w\" sizes=\"(max-width: 1204px) 100vw, 1204px\" \/><\/p>\n<p><strong>DZIA\u0141ANIE:<\/strong><\/p>\n<p>Wszystkie mikroelementy zawarte w od\u017cywce na kukurydz\u0119 SOLER K maj\u0105 swoje znaczenie w uprawie. Cynk (Zn) odgrywa istotn\u0105 rol\u0119 w aktywno\u015bci enzymatycznej, procesach syntezy bia\u0142ek oraz wzmacnianiu odporno\u015bci na skutki suszy i infekcje. Bor (B) z kolei jest niezb\u0119dnym pierwiastkiem, kt\u00f3ry bierze udzia\u0142 w regulacji rozwoju i wzrostu ro\u015blin \u2013 jego niedob\u00f3r hamuje wzrost uprawy. Mangan (Mn) ma wp\u0142yw na rozw\u00f3j systemu korzeniowego kukurydzy, natomiast molibden (Mo) bierze udzia\u0142 w metabolizmie azotowym i uczestniczy w przemianach fosforu. Siarka (Si) ma znacz\u0105cy udzia\u0142 w procesach metabolicznych jak fotosynteza czy synteza bia\u0142ek i t\u0142uszcz\u00f3w. Jest ona kluczowym pierwiastkiem w przemianach azotu i warunkuje jego pobieranie z gleby.<\/p>\n<p>Za spraw\u0105 technologii SILEVEL\u2122, hydro\u017cele oparte na krzemie tworz\u0105 pewnego rodzaju \u201ekieszenie\u201d lub przestrzenie mi\u0119dzypakietowe, w kt\u00f3rych zatrzymywane s\u0105 sk\u0142adniki nawozowe. W momencie kontaktu z ro\u015blin\u0105, uwalnianie sk\u0142adnik\u00f3w od\u017cywczych nast\u0119puje stopniowo i efektywnie, co wyd\u0142u\u017ca czas, przez kt\u00f3ry s\u0105 one dost\u0119pne dla ro\u015blin. W\u0142a\u015bciwo\u015bci higroskopijne nawozu pod kukurydz\u0119 SOLER K sprawiaj\u0105, \u017ce jest on odporny na wysychanie i z \u0142atwo\u015bci\u0105 nabiera wilgoci, co pozwala utrzyma\u0107 go na ro\u015blinie nawet podczas deszczu, zapewniaj\u0105c skuteczne dzia\u0142anie od\u017cywki na kukurydz\u0119.<\/p>\n<p>Dodatkowo, produkt zosta\u0142 wzbogacony o mechanizm stymuluj\u0105cy QM6\u2122, kt\u00f3ry aktywuje naturalne mechanizmy obronne ro\u015bliny. Ten system powoduje, \u017ce ro\u015blina jest lepiej przygotowana do magazynowania wody i sk\u0142adnik\u00f3w od\u017cywczych z nawozu pod kukurydz\u0119 SOLER K. W rezultacie ten kompleksowy proces korzystnie wp\u0142ywa na uzyskanie obfitego plonu o wysokiej jako\u015bci.<\/p>\n<p>Naw\u00f3z pod kukurydz\u0119 SOLER K, stworzony specjalnie do tej uprawy, cechuje si\u0119 bezpiecze\u0144stwem ze wzgl\u0119du na brak chlork\u00f3w w sk\u0142adzie. Komponenty\u00a0 zawarte w preparacie wykazuj\u0105 w\u0142a\u015bciwo\u015bci dezynfekuj\u0105ce dla stosowanych opryskiwaczy i przejmuj\u0105 funkcj\u0119 fungicydowe dla ro\u015blin. To pomaga w ograniczeniu rozwoju chorobotw\u00f3rczych patogen\u00f3w. \u017belowa konsystencja SOLER K umo\u017cliwia d\u0142ugotrwa\u0142e przechowywanie produktu, zachowuj\u0105c jednocze\u015bnie jego pe\u0142n\u0105 skuteczno\u015b\u0107 i jako\u015b\u0107. Od\u017cywka na kukurydze jest \u0142atwa w mieszaniu i przelewaniu, co sprawia \u017ce jest wygodna i praktyczna w u\u017cytkowaniu.<\/p>\n<p><strong style=\"font-size: inherit; font-family: -apple-system, system-ui, BlinkMacSystemFont, 'Segoe UI', Helvetica, Arial, sans-serif, 'Apple Color Emoji', 'Segoe UI Emoji', 'Segoe UI Symbol';\">SK\u0141AD:\u00a0<\/strong><\/p>\n<\/div>\n<div class=\"et_pb_text_inner\">\n<section id=\"section-50-47\" class=\" ct-section oxy-margin-bottom\">\n<div class=\"ct-section-inner-wrap\">\n<div id=\"_tabs_contents-60-47\" class=\"oxy-tabs-contents-wrapper oxy-tabs-contents\">\n<div id=\"_tab_content-64-47\" class=\"oxy-tab-content tabs-contents-2212-tab\">\n<div id=\"div_block-65-47\" class=\"ct-div-block\">\n<div id=\"_rich_text-66-47\" class=\"oxy-rich-text\">\n<section id=\"section-51-85\" class=\" ct-section oxy-margin-bottom\">\n<div class=\"ct-section-inner-wrap\">\n<div id=\"_tabs_contents-61-85\" class=\"oxy-tabs-contents-wrapper oxy-tabs-contents\">\n<div id=\"_tab_content-65-85\" class=\"oxy-tab-content tabs-contents-2212-tab\">\n<div id=\"div_block-66-85\" class=\"ct-div-block\">\n<div id=\"_rich_text-67-85\" class=\"oxy-rich-text\">\n<section id=\"section-51-83\" class=\" ct-section oxy-margin-bottom\">\n<div class=\"ct-section-inner-wrap\">\n<div id=\"_tabs_contents-61-83\" class=\"oxy-tabs-contents-wrapper oxy-tabs-contents\">\n<div id=\"_tab_content-65-83\" class=\"oxy-tab-content tabs-contents-2212-tab\">\n<div id=\"div_block-66-83\" class=\"ct-div-block\">\n<div id=\"_rich_text-67-83\" class=\"oxy-rich-text\">\n<section id=\"section-49-77\" class=\" ct-section oxy-margin-bottom\">\n<div class=\"ct-section-inner-wrap\">\n<div id=\"_tabs_contents-59-77\" class=\"oxy-tabs-contents-wrapper oxy-tabs-contents\">\n<div id=\"_tab_content-63-77\" class=\"oxy-tab-content tabs-contents-2212-tab\">\n<div id=\"div_block-64-77\" class=\"ct-div-block\">\n<div id=\"_rich_text-65-77\" class=\"oxy-rich-text\">\n<section id=\"section-51-79\" class=\" ct-section oxy-margin-bottom\">\n<div class=\"ct-section-inner-wrap\">\n<div id=\"_tabs_contents-61-79\" class=\"oxy-tabs-contents-wrapper oxy-tabs-contents\">\n<div id=\"_tab_content-65-79\" class=\"oxy-tab-content tabs-contents-2212-tab\">\n<div id=\"div_block-66-79\" class=\"ct-div-block\">\n<div id=\"_rich_text-67-79\" class=\"oxy-rich-text\">\n<section id=\"section-51-81\" class=\" ct-section oxy-margin-bottom\">\n<div class=\"ct-section-inner-wrap\">\n<div id=\"_tabs_contents-61-81\" class=\"oxy-tabs-contents-wrapper oxy-tabs-contents\">\n<div id=\"_tab_content-65-81\" class=\"oxy-tab-content tabs-contents-2212-tab\">\n<div id=\"div_block-66-81\" class=\"ct-div-block\">\n<div id=\"_rich_text-67-81\" class=\"oxy-rich-text\">\n<section id=\"section-49-69\" class=\" ct-section oxy-margin-bottom\">\n<div class=\"ct-section-inner-wrap\">\n<div id=\"_tabs_contents-59-69\" class=\"oxy-tabs-contents-wrapper oxy-tabs-contents\">\n<div id=\"_tab_content-63-69\" class=\"oxy-tab-content tabs-contents-2212-tab\">\n<div id=\"div_block-64-69\" class=\"ct-div-block\">\n<div id=\"_rich_text-65-69\" class=\"oxy-rich-text\">\n<section id=\"section-49-71\" class=\" ct-section oxy-margin-bottom\">\n<div class=\"ct-section-inner-wrap\">\n<div id=\"_tabs_contents-59-71\" class=\"oxy-tabs-contents-wrapper oxy-tabs-contents\">\n<div id=\"_tab_content-63-71\" class=\"oxy-tab-content tabs-contents-2212-tab\">\n<div id=\"div_block-64-71\" class=\"ct-div-block\">\n<div id=\"_rich_text-65-71\" class=\"oxy-rich-text\">\n<section id=\"section-541-65\" class=\" ct-section oxy-margin-bottom\">\n<div class=\"ct-section-inner-wrap\">\n<div id=\"_tabs_contents-551-65\" class=\"oxy-tabs-contents-wrapper oxy-tabs-contents\">\n<div id=\"_tab_content-555-65\" class=\"oxy-tab-content tabs-contents-2212-tab\">\n<div id=\"div_block-556-65\" class=\"ct-div-block\">\n<div id=\"_rich_text-557-65\" class=\"oxy-rich-text\">\n<p>Bor (B) \u2013 0,50% (w\/w), Mied\u017a (Cu) \u2013 2,00% (w\/w), Mangan (Mn) \u2013 3,50% (w\/w), Molibden (Mo) \u2013 0,02% (w\/w), Cynk (Zn) \u2013 4,00% (w\/w), Siarka (SO<sub>3<\/sub>) \u2013 12,90% (w\/w).<\/p>\n<\/div>\n<\/div>\n<\/div>\n<\/div>\n<\/div>\n<\/section>\n<section id=\"section-563-65\" class=\" ct-section oxy-margin-bottom\">\n<div class=\"ct-section-inner-wrap\"><\/div>\n<\/section>\n<\/div>\n<\/div>\n<\/div>\n<\/div>\n<\/div>\n<\/section>\n<section id=\"section-71-71\" class=\" ct-section oxy-margin-bottom\">\n<div class=\"ct-section-inner-wrap\"><\/div>\n<\/section>\n<\/div>\n<\/div>\n<\/div>\n<\/div>\n<\/div>\n<\/section>\n<section id=\"section-118-69\" class=\" ct-section oxy-margin-bottom\">\n<div class=\"ct-section-inner-wrap\"><\/div>\n<\/section>\n<\/div>\n<\/div>\n<\/div>\n<\/div>\n<\/div>\n<\/section>\n<section id=\"section-112-81\" class=\" ct-section oxy-margin-bottom-last\">\n<div class=\"ct-section-inner-wrap\"><\/div>\n<\/section>\n<\/div>\n<\/div>\n<\/div>\n<\/div>\n<\/div>\n<\/section>\n<\/div>\n<\/div>\n<\/div>\n<\/div>\n<\/div>\n<\/section>\n<\/div>\n<\/div>\n<\/div>\n<\/div>\n<\/div>\n<\/section>\n<\/div>\n<\/div>\n<\/div>\n<\/div>\n<\/div>\n<\/section>\n<section id=\"section-112-85\" class=\" ct-section oxy-margin-bottom-last\">\n<div class=\"ct-section-inner-wrap\"><\/div>\n<\/section>\n<\/div>\n<\/div>\n<\/div>\n<\/div>\n<\/div>\n<\/section>\n<section id=\"section-1383-47\" class=\" ct-section oxy-margin-bottom\">\n<div class=\"ct-section-inner-wrap\">\n<p><strong><strong>Dawkowanie:<\/strong><\/strong><\/p>\n<section id=\"section-49-77\" class=\" ct-section oxy-margin-bottom\">\n<div class=\"ct-section-inner-wrap\">\n<div id=\"_tabs_contents-59-77\" class=\"oxy-tabs-contents-wrapper oxy-tabs-contents\">\n<div id=\"_tab_content-66-77\" class=\"oxy-tab-content tabs-contents-2212-tab\">\n<div id=\"div_block-67-77\" class=\"ct-div-block\">\n<div id=\"_rich_text-68-77\" class=\"oxy-rich-text\">\n<section id=\"section-51-79\" class=\" ct-section oxy-margin-bottom\">\n<div class=\"ct-section-inner-wrap\">\n<div id=\"_tabs_contents-61-79\" class=\"oxy-tabs-contents-wrapper oxy-tabs-contents\">\n<div id=\"_tab_content-68-79\" class=\"oxy-tab-content tabs-contents-2212-tab\">\n<div id=\"div_block-69-79\" class=\"ct-div-block\">\n<div id=\"_rich_text-70-79\" class=\"oxy-rich-text\">\n<section id=\"section-51-81\" class=\" ct-section oxy-margin-bottom\">\n<div class=\"ct-section-inner-wrap\">\n<div id=\"_tabs_contents-61-81\" class=\"oxy-tabs-contents-wrapper oxy-tabs-contents\">\n<div id=\"_tab_content-68-81\" class=\"oxy-tab-content tabs-contents-2212-tab\">\n<div id=\"div_block-69-81\" class=\"ct-div-block\">\n<div id=\"_rich_text-70-81\" class=\"oxy-rich-text\"><\/div>\n<\/div>\n<\/div>\n<\/div>\n<\/div>\n<\/section>\n<section id=\"section-112-81\" class=\" ct-section oxy-margin-bottom-last\">\n<div class=\"ct-section-inner-wrap\">\n<p><img decoding=\"async\" class=\"aligncenter wp-image-930 size-full\" src=\"https:\/\/agro-expert.eu\/wp-content\/uploads\/2025\/06\/Zrzut-ekranu-2025-06-9-o-14.50.51.png\" alt=\"\" width=\"1119\" height=\"178\" srcset=\"https:\/\/agro-expert.eu\/wp-content\/uploads\/2025\/06\/Zrzut-ekranu-2025-06-9-o-14.50.51.png 1119w, https:\/\/agro-expert.eu\/wp-content\/uploads\/2025\/06\/Zrzut-ekranu-2025-06-9-o-14.50.51-300x48.png 300w, https:\/\/agro-expert.eu\/wp-content\/uploads\/2025\/06\/Zrzut-ekranu-2025-06-9-o-14.50.51-1024x163.png 1024w, https:\/\/agro-expert.eu\/wp-content\/uploads\/2025\/06\/Zrzut-ekranu-2025-06-9-o-14.50.51-768x122.png 768w, https:\/\/agro-expert.eu\/wp-content\/uploads\/2025\/06\/Zrzut-ekranu-2025-06-9-o-14.50.51-600x95.png 600w\" sizes=\"(max-width: 1119px) 100vw, 1119px\" \/><\/p>\n<h4 id=\"headline-119-69\" class=\"ct-headline\"><strong>Dodatkowe informacje:<\/strong><\/h4>\n<div id=\"text_block-140-69\" class=\"ct-text-block\">\n<section id=\"section-71-71\" class=\" ct-section oxy-margin-bottom\">\n<div class=\"ct-section-inner-wrap\">\n<div id=\"text_block-73-71\" class=\"ct-text-block\">\n<section id=\"section-563-65\" class=\" ct-section oxy-margin-bottom\">\n<div class=\"ct-section-inner-wrap\">\n<div id=\"text_block-565-65\" class=\"ct-text-block\">Od\u017cywka na kukurydz\u0119 SOLER K ma d\u0142ugi termin wa\u017cno\u015bci u\u017cycia i nawet po d\u0142ugich miesi\u0105cach przechowywania nie traci swoich warto\u015bci u\u017cytkowych.<\/div>\n<\/div>\n<\/section>\n<section id=\"section-605-65\" class=\" ct-section oxy-margin-bottom-last\">\n<div class=\"ct-section-inner-wrap\"><\/div>\n<\/section>\n<\/div>\n<\/div>\n<\/section>\n<section id=\"section-113-71\" class=\" ct-section oxy-margin-bottom-last\">\n<div class=\"ct-section-inner-wrap\"><\/div>\n<\/section>\n<\/div>\n<\/div>\n<\/section>\n<\/div>\n<\/div>\n<\/div>\n<\/div>\n<\/div>\n<\/section>\n<section id=\"section-120-79\" class=\" ct-section oxy-margin-bottom\">\n<div class=\"ct-section-inner-wrap\"><\/div>\n<\/section>\n<\/div>\n<\/div>\n<\/div>\n<\/div>\n<\/div>\n<\/section>\n<section id=\"section-71-77\" class=\" ct-section oxy-margin-bottom\">\n<div class=\"ct-section-inner-wrap\"><\/div>\n<\/section>\n<section id=\"section-352-87\" class=\" ct-section oxy-margin-bottom\">\n<div class=\"ct-section-inner-wrap\"><\/div>\n<\/section>\n<\/div>\n<\/section>\n<\/div>\n<\/div>\n","protected":false},"excerpt":{"rendered":"<p>SOLER K Od\u017cywka na kukurydz\u0119 Preparat mikroelementowy w formie \u017celowej opracowany specjalnie pod upraw\u0119 kukurydzy to nowatorski i efektywny naw\u00f3z maj\u0105cy w sk\u0142adzie wysok\u0105 zawarto\u015b\u0107 miedzi systemicznej i siarki. Mikroelementy w nawozie pod kukurydz\u0119 SOLER K maj\u0105 korzystny wp\u0142yw na upraw\u0119 dzia\u0142aj\u0105c wzmacniaj\u0105co, prozdrowotnie, dezynfekuj\u0105co i stymuluj\u0105co. Siarka oraz \u0142atwo przyswajalna mied\u017a systemiczna wspomagaj\u0105 odporno\u015b\u0107 &#8230; <a title=\"SOLER  K- 1L (Od\u017cywka na kukurydz\u0119)\" class=\"read-more\" href=\"https:\/\/agro-expert.eu\/?product=soler-k-1l-odzywka-na-kukurydze\" aria-label=\"Read more about SOLER  K- 1L (Od\u017cywka na kukurydz\u0119)\">Dowiedz si\u0119 wi\u0119cej<\/a><\/p>\n","protected":false},"featured_media":932,"comment_status":"open","ping_status":"closed","template":"","meta":{"om_disable_all_campaigns":false,"_monsterinsights_skip_tracking":false,"_monsterinsights_sitenote_active":false,"_monsterinsights_sitenote_note":"","_monsterinsights_sitenote_category":0,"_uf_show_specific_survey":0,"_uf_disable_surveys":false},"product_brand":[],"product_cat":[45,49],"product_tag":[],"class_list":{"0":"post-929","1":"product","2":"type-product","3":"status-publish","4":"has-post-thumbnail","6":"product_cat-agrarius","7":"product_cat-nawozy-agrarius","9":"first","10":"instock","11":"taxable","12":"shipping-taxable","13":"purchasable","14":"product-type-simple"},"aioseo_notices":[],"jetpack_sharing_enabled":true,"_links":{"self":[{"href":"https:\/\/agro-expert.eu\/index.php?rest_route=\/wp\/v2\/product\/929","targetHints":{"allow":["GET"]}}],"collection":[{"href":"https:\/\/agro-expert.eu\/index.php?rest_route=\/wp\/v2\/product"}],"about":[{"href":"https:\/\/agro-expert.eu\/index.php?rest_route=\/wp\/v2\/types\/product"}],"replies":[{"embeddable":true,"href":"https:\/\/agro-expert.eu\/index.php?rest_route=%2Fwp%2Fv2%2Fcomments&post=929"}],"wp:featuredmedia":[{"embeddable":true,"href":"https:\/\/agro-expert.eu\/index.php?rest_route=\/wp\/v2\/media\/932"}],"wp:attachment":[{"href":"https:\/\/agro-expert.eu\/index.php?rest_route=%2Fwp%2Fv2%2Fmedia&parent=929"}],"wp:term":[{"taxonomy":"product_brand","embeddable":true,"href":"https:\/\/agro-expert.eu\/index.php?rest_route=%2Fwp%2Fv2%2Fproduct_brand&post=929"},{"taxonomy":"product_cat","embeddable":true,"href":"https:\/\/agro-expert.eu\/index.php?rest_route=%2Fwp%2Fv2%2Fproduct_cat&post=929"},{"taxonomy":"product_tag","embeddable":true,"href":"https:\/\/agro-expert.eu\/index.php?rest_route=%2Fwp%2Fv2%2Fproduct_tag&post=929"}],"curies":[{"name":"wp","href":"https:\/\/api.w.org\/{rel}","templated":true}]}}