{"id":941,"date":"2025-06-09T14:59:08","date_gmt":"2025-06-09T12:59:08","guid":{"rendered":"https:\/\/agro-expert.eu\/?post_type=product&#038;p=941"},"modified":"2025-07-03T15:53:30","modified_gmt":"2025-07-03T13:53:30","slug":"soler-r-5l-odzywka-na-rzepak","status":"publish","type":"product","link":"https:\/\/agro-expert.eu\/?product=soler-r-5l-odzywka-na-rzepak","title":{"rendered":"SOLER  R- 5L (Od\u017cywka na rzepak)"},"content":{"rendered":"<div class=\"et_pb_module et_pb_image et_pb_image_0\"><\/div>\n<div class=\"et_pb_module et_pb_text et_pb_text_0 et_pb_text_align_left et_pb_bg_layout_light\">\n<div class=\"et_pb_text_inner\">\n<h1 id=\"headline-8-67\" class=\"ct-headline oxy-nawozy\"><strong>SOLER R<\/strong><\/h1>\n<h2 id=\"headline-9-67\" class=\"ct-headline\">Od\u017cywka na rzepak<\/h2>\n<div id=\"text_block-10-67\" class=\"ct-text-block\">\n<p>Innowacyjny naw\u00f3z mikroelementowy SOLER R jest wysoce skutecznym preparatem dedykowanym uprawie rzepaku. Dzi\u0119ki wysokiej koncentracji siarki i miedzi systemicznej w\u0142a\u015bciwie od\u017cywia rzepak i zapewnia uprawie lepszy wzrost i plonowanie. \u017belowa konsystencja sprawia, \u017ce sk\u0142adniki nawozowe prawie ca\u0142kowicie wch\u0142aniaj\u0105 si\u0119 do ro\u015bliny. Zaawansowana technologia SILEVEL\u2122 umo\u017cliwia powolne i d\u0142ugotrwa\u0142e oddawanie sk\u0142adnik\u00f3w od\u017cywczych ro\u015blinom oraz zapewnia odpowiedni\u0105, a wysoka zawarto\u015b\u0107 siarki i miedzi systemicznej wp\u0142ywa na fitosanitarno\u015b\u0107 uprawy. Naw\u00f3z do rzepaku zosta\u0142 dodatkowo wsparty mechanizmem stymuluj\u0105cym QM6\u2122, kt\u00f3ry pobudza upraw\u0119 rzepaku do odruch\u00f3w obronnych w niekorzystnych momentach wegetacji.<\/p>\n<\/div>\n<p><img fetchpriority=\"high\" decoding=\"async\" class=\"aligncenter wp-image-938 size-full\" src=\"https:\/\/agro-expert.eu\/wp-content\/uploads\/2025\/06\/Zrzut-ekranu-2025-06-9-o-14.56.23.png\" alt=\"\" width=\"1181\" height=\"307\" srcset=\"https:\/\/agro-expert.eu\/wp-content\/uploads\/2025\/06\/Zrzut-ekranu-2025-06-9-o-14.56.23.png 1181w, https:\/\/agro-expert.eu\/wp-content\/uploads\/2025\/06\/Zrzut-ekranu-2025-06-9-o-14.56.23-300x78.png 300w, https:\/\/agro-expert.eu\/wp-content\/uploads\/2025\/06\/Zrzut-ekranu-2025-06-9-o-14.56.23-1024x266.png 1024w, https:\/\/agro-expert.eu\/wp-content\/uploads\/2025\/06\/Zrzut-ekranu-2025-06-9-o-14.56.23-768x200.png 768w, https:\/\/agro-expert.eu\/wp-content\/uploads\/2025\/06\/Zrzut-ekranu-2025-06-9-o-14.56.23-600x156.png 600w\" sizes=\"(max-width: 1181px) 100vw, 1181px\" \/><\/p>\n<p><strong>DZIA\u0141ANIE:<\/strong><\/p>\n<p>Preparat zawiera bor, molibden, mied\u017a, mangan, cynk oraz siark\u0119. Odpowiednie dawki sk\u0142adnik\u00f3w mineralnych dopasowanych do potrzeb rzepaku wp\u0142ywaj\u0105 pozytywnie na procesy \u017cyciowe ro\u015blin, spos\u00f3b przyswajania przez nie sk\u0142adnik\u00f3w od\u017cywczych i na ostateczn\u0105 wydajno\u015b\u0107 uprawy. Si\u0142a\u00a0<b>od\u017cywki na rzepak<\/b>\u00a0SOLER R tkwi w du\u017cej dawce miedzi systemicznej oraz siarki. Te sk\u0142adniki oddzia\u0142uj\u0105 na ro\u015bliny w bardzo efektywny spos\u00f3b \u2013 nie tylko wzmacniaj\u0105 je i stymuluj\u0105 do wzrostu, ale te\u017c dzia\u0142aj\u0105 dezynfekuj\u0105co i prozdrowotnie. Wysoce wch\u0142anialna mied\u017a i siarka wspomagaj\u0105 odporno\u015b\u0107 ro\u015blin na choroby grzybowe.<\/p>\n<p>Zaawansowana technologia SILEVEL\u2122 hydro\u017celu SOLER R na bazie krzemu umo\u017cliwia zamkni\u0119cie sk\u0142adnik\u00f3w nawozowych w swego rodzaju \u201ekieszeniach\u201d \u2013 przestrzeniach mi\u0119dzypakietowych, z kt\u00f3rych te sk\u0142adniki s\u0105 wolno i d\u0142ugotrwale oddawane ro\u015blinom. Technologia \u201epakietowania\u201d sk\u0142adnik\u00f3w mineralnych umo\u017cliwia zmniejszenie liczby wyjazd\u00f3w w pole i ograniczenie koszt\u00f3w zwi\u0105zanych z upraw\u0105 rzepaku, przy jednoczesnym zwi\u0119kszeniu op\u0142acalno\u015bci zasiew\u00f3w.\u00a0<b>Od\u017cywka na rzepak<\/b>\u00a0SOLER R uwalnia minera\u0142y przez bardzo d\u0142ugi czas i w spos\u00f3b niezwykle wydajny, dzi\u0119ki czemu dost\u0119pno\u015b\u0107 makrosk\u0142adnik\u00f3w jest roz\u0142o\u017cona w ca\u0142ym cyklu \u017cycia ro\u015blin i nie brakuje im od\u017cywienia na \u017cadnym z etap\u00f3w rozwoju, a szczeg\u00f3lnie w tych newralgicznych momentach jak p\u0105kowanie, kwitnienie i dojrzewanie nasion.<\/p>\n<p>SOLER R jest higroskopijny, \u0142atwo p\u0119cznieje pod wp\u0142ywem wody i trudno wysycha, a przy tym zachowuje doskona\u0142\u0105 przyczepno\u015b\u0107 do ro\u015blin i jest odporny na zmywanie przez deszcz. Preparat wzbogacony mechanizmem stymuluj\u0105cym QM6\u2122 pobudza ro\u015bliny do odruch\u00f3w obronnych oraz zwi\u0119ksza ich zdolno\u015b\u0107 gromadzenia wody i sk\u0142adnik\u00f3w od\u017cywczych dostarczanych z nawozu. Dzi\u0119ki technologii QM6\u2122 sk\u0142adniki mineralne s\u0105 dost\u0119pne dla ro\u015blin natychmiast po zastosowaniu preparatu i mog\u0105 wspom\u00f3c zdrowotno\u015b\u0107 uprawy w krytycznych momentach. Efektem stosowania innowacyjnej\u00a0<b>od\u017cywki na rzepak<\/b>\u00a0SOLER R AGRARIUS jest znacz\u0105ca poprawa jako\u015bci plonu.<\/p>\n<p>Naw\u00f3z do rzepaku SOLER R jest bezpiecznym bezchlorkowym preparatem o w\u0142a\u015bciwo\u015bciach dezynfekuj\u0105cych. Od\u017cywka ma te\u017c w\u0142a\u015bciwo\u015bci fungistatyczne \u2013 przeciwdzia\u0142a rozwojowi grzyb\u00f3w i innych chorobotw\u00f3rczych patogen\u00f3w. SOLER R jest produktem dedykowanym u\u017cytkownikom profesjonalnym, ale z powodzeniem sprawdzi si\u0119 te\u017c w ma\u0142ych gospodarstwach rolnych, w kt\u00f3rych k\u0142adzie si\u0119 nacisk na naturalne metody uprawy.<\/p>\n<p><strong style=\"font-size: inherit; font-family: -apple-system, system-ui, BlinkMacSystemFont, 'Segoe UI', Helvetica, Arial, sans-serif, 'Apple Color Emoji', 'Segoe UI Emoji', 'Segoe UI Symbol';\">SK\u0141AD:\u00a0<\/strong><\/p>\n<\/div>\n<div class=\"et_pb_text_inner\">\n<section id=\"section-50-47\" class=\" ct-section oxy-margin-bottom\">\n<div class=\"ct-section-inner-wrap\">\n<div id=\"_tabs_contents-60-47\" class=\"oxy-tabs-contents-wrapper oxy-tabs-contents\">\n<div id=\"_tab_content-64-47\" class=\"oxy-tab-content tabs-contents-2212-tab\">\n<div id=\"div_block-65-47\" class=\"ct-div-block\">\n<div id=\"_rich_text-66-47\" class=\"oxy-rich-text\">\n<section id=\"section-51-85\" class=\" ct-section oxy-margin-bottom\">\n<div class=\"ct-section-inner-wrap\">\n<div id=\"_tabs_contents-61-85\" class=\"oxy-tabs-contents-wrapper oxy-tabs-contents\">\n<div id=\"_tab_content-65-85\" class=\"oxy-tab-content tabs-contents-2212-tab\">\n<div id=\"div_block-66-85\" class=\"ct-div-block\">\n<div id=\"_rich_text-67-85\" class=\"oxy-rich-text\">\n<section id=\"section-51-83\" class=\" ct-section oxy-margin-bottom\">\n<div class=\"ct-section-inner-wrap\">\n<div id=\"_tabs_contents-61-83\" class=\"oxy-tabs-contents-wrapper oxy-tabs-contents\">\n<div id=\"_tab_content-65-83\" class=\"oxy-tab-content tabs-contents-2212-tab\">\n<div id=\"div_block-66-83\" class=\"ct-div-block\">\n<div id=\"_rich_text-67-83\" class=\"oxy-rich-text\">\n<section id=\"section-49-77\" class=\" ct-section oxy-margin-bottom\">\n<div class=\"ct-section-inner-wrap\">\n<div id=\"_tabs_contents-59-77\" class=\"oxy-tabs-contents-wrapper oxy-tabs-contents\">\n<div id=\"_tab_content-63-77\" class=\"oxy-tab-content tabs-contents-2212-tab\">\n<div id=\"div_block-64-77\" class=\"ct-div-block\">\n<div id=\"_rich_text-65-77\" class=\"oxy-rich-text\">\n<section id=\"section-51-79\" class=\" ct-section oxy-margin-bottom\">\n<div class=\"ct-section-inner-wrap\">\n<div id=\"_tabs_contents-61-79\" class=\"oxy-tabs-contents-wrapper oxy-tabs-contents\">\n<div id=\"_tab_content-65-79\" class=\"oxy-tab-content tabs-contents-2212-tab\">\n<div id=\"div_block-66-79\" class=\"ct-div-block\">\n<div id=\"_rich_text-67-79\" class=\"oxy-rich-text\">\n<section id=\"section-51-81\" class=\" ct-section oxy-margin-bottom\">\n<div class=\"ct-section-inner-wrap\">\n<div id=\"_tabs_contents-61-81\" class=\"oxy-tabs-contents-wrapper oxy-tabs-contents\">\n<div id=\"_tab_content-65-81\" class=\"oxy-tab-content tabs-contents-2212-tab\">\n<div id=\"div_block-66-81\" class=\"ct-div-block\">\n<div id=\"_rich_text-67-81\" class=\"oxy-rich-text\">\n<section id=\"section-49-69\" class=\" ct-section oxy-margin-bottom\">\n<div class=\"ct-section-inner-wrap\">\n<div id=\"_tabs_contents-59-69\" class=\"oxy-tabs-contents-wrapper oxy-tabs-contents\">\n<div id=\"_tab_content-63-69\" class=\"oxy-tab-content tabs-contents-2212-tab\">\n<div id=\"div_block-64-69\" class=\"ct-div-block\">\n<div id=\"_rich_text-65-69\" class=\"oxy-rich-text\">\n<section id=\"section-49-71\" class=\" ct-section oxy-margin-bottom\">\n<div class=\"ct-section-inner-wrap\">\n<div id=\"_tabs_contents-59-71\" class=\"oxy-tabs-contents-wrapper oxy-tabs-contents\">\n<div id=\"_tab_content-63-71\" class=\"oxy-tab-content tabs-contents-2212-tab\">\n<div id=\"div_block-64-71\" class=\"ct-div-block\">\n<div id=\"_rich_text-65-71\" class=\"oxy-rich-text\">\n<section id=\"section-541-65\" class=\" ct-section oxy-margin-bottom\">\n<div class=\"ct-section-inner-wrap\">\n<div id=\"_tabs_contents-551-65\" class=\"oxy-tabs-contents-wrapper oxy-tabs-contents\">\n<div id=\"_tab_content-555-65\" class=\"oxy-tab-content tabs-contents-2212-tab\">\n<div id=\"div_block-556-65\" class=\"ct-div-block\">\n<div id=\"_rich_text-557-65\" class=\"oxy-rich-text\">\n<section id=\"section-50-67\" class=\" ct-section oxy-margin-bottom\">\n<div class=\"ct-section-inner-wrap\">\n<div id=\"_tabs_contents-60-67\" class=\"oxy-tabs-contents-wrapper oxy-tabs-contents\">\n<div id=\"_tab_content-64-67\" class=\"oxy-tab-content tabs-contents-2212-tab\">\n<div id=\"div_block-65-67\" class=\"ct-div-block\">\n<div id=\"_rich_text-66-67\" class=\"oxy-rich-text\">\n<section id=\"section-50-67\" class=\" ct-section oxy-margin-bottom\">\n<div class=\"ct-section-inner-wrap\">\n<div id=\"_tabs_contents-60-67\" class=\"oxy-tabs-contents-wrapper oxy-tabs-contents\">\n<div id=\"_tab_content-64-67\" class=\"oxy-tab-content tabs-contents-2212-tab\">\n<div id=\"div_block-65-67\" class=\"ct-div-block\">\n<div id=\"_rich_text-66-67\" class=\"oxy-rich-text\">\n<p>Bor (B) \u2013 1,00% (w\/w), Mied\u017a (Cu) \u2013 1,50% (w\/w), Mangan (Mn) \u2013 4,00% (w\/w), Molibden (Mo) \u2013 0,02% (w\/w), Cynk (Zn) \u2013 3,50% (w\/w), Siarka (SO3) \u2013 12,30% (w\/w).<\/p>\n<\/div>\n<\/div>\n<\/div>\n<\/div>\n<\/div>\n<\/section>\n<section id=\"section-72-67\" class=\" ct-section oxy-margin-bottom\">\n<div class=\"ct-section-inner-wrap\"><\/div>\n<\/section>\n<\/div>\n<\/div>\n<\/div>\n<\/div>\n<\/div>\n<\/section>\n<section id=\"section-72-67\" class=\" ct-section oxy-margin-bottom\">\n<div class=\"ct-section-inner-wrap\"><\/div>\n<\/section>\n<\/div>\n<\/div>\n<\/div>\n<\/div>\n<\/div>\n<\/section>\n<section id=\"section-563-65\" class=\" ct-section oxy-margin-bottom\">\n<div class=\"ct-section-inner-wrap\"><\/div>\n<\/section>\n<\/div>\n<\/div>\n<\/div>\n<\/div>\n<\/div>\n<\/section>\n<section id=\"section-71-71\" class=\" ct-section oxy-margin-bottom\">\n<div class=\"ct-section-inner-wrap\"><\/div>\n<\/section>\n<\/div>\n<\/div>\n<\/div>\n<\/div>\n<\/div>\n<\/section>\n<section id=\"section-118-69\" class=\" ct-section oxy-margin-bottom\">\n<div class=\"ct-section-inner-wrap\"><\/div>\n<\/section>\n<\/div>\n<\/div>\n<\/div>\n<\/div>\n<\/div>\n<\/section>\n<section id=\"section-112-81\" class=\" ct-section oxy-margin-bottom-last\">\n<div class=\"ct-section-inner-wrap\"><\/div>\n<\/section>\n<\/div>\n<\/div>\n<\/div>\n<\/div>\n<\/div>\n<\/section>\n<\/div>\n<\/div>\n<\/div>\n<\/div>\n<\/div>\n<\/section>\n<\/div>\n<\/div>\n<\/div>\n<\/div>\n<\/div>\n<\/section>\n<\/div>\n<\/div>\n<\/div>\n<\/div>\n<\/div>\n<\/section>\n<section id=\"section-112-85\" class=\" ct-section oxy-margin-bottom-last\">\n<div class=\"ct-section-inner-wrap\"><\/div>\n<\/section>\n<\/div>\n<\/div>\n<\/div>\n<\/div>\n<\/div>\n<\/section>\n<section id=\"section-1383-47\" class=\" ct-section oxy-margin-bottom\">\n<div class=\"ct-section-inner-wrap\">\n<p><strong><strong>Dawkowanie:<\/strong><\/strong><\/p>\n<section id=\"section-49-77\" class=\" ct-section oxy-margin-bottom\">\n<div class=\"ct-section-inner-wrap\">\n<div id=\"_tabs_contents-59-77\" class=\"oxy-tabs-contents-wrapper oxy-tabs-contents\">\n<div id=\"_tab_content-66-77\" class=\"oxy-tab-content tabs-contents-2212-tab\">\n<div id=\"div_block-67-77\" class=\"ct-div-block\">\n<div id=\"_rich_text-68-77\" class=\"oxy-rich-text\">\n<section id=\"section-51-79\" class=\" ct-section oxy-margin-bottom\">\n<div class=\"ct-section-inner-wrap\">\n<div id=\"_tabs_contents-61-79\" class=\"oxy-tabs-contents-wrapper oxy-tabs-contents\">\n<div id=\"_tab_content-68-79\" class=\"oxy-tab-content tabs-contents-2212-tab\">\n<div id=\"div_block-69-79\" class=\"ct-div-block\">\n<div id=\"_rich_text-70-79\" class=\"oxy-rich-text\">\n<section id=\"section-51-81\" class=\" ct-section oxy-margin-bottom\">\n<div class=\"ct-section-inner-wrap\">\n<div id=\"_tabs_contents-61-81\" class=\"oxy-tabs-contents-wrapper oxy-tabs-contents\">\n<div id=\"_tab_content-68-81\" class=\"oxy-tab-content tabs-contents-2212-tab\">\n<div id=\"div_block-69-81\" class=\"ct-div-block\">\n<div id=\"_rich_text-70-81\" class=\"oxy-rich-text\"><\/div>\n<\/div>\n<\/div>\n<\/div>\n<\/div>\n<\/section>\n<section id=\"section-112-81\" class=\" ct-section oxy-margin-bottom-last\">\n<div class=\"ct-section-inner-wrap\">\n<p><img decoding=\"async\" class=\"aligncenter wp-image-939 size-full\" src=\"https:\/\/agro-expert.eu\/wp-content\/uploads\/2025\/06\/Zrzut-ekranu-2025-06-9-o-14.56.29.png\" alt=\"\" width=\"1118\" height=\"188\" srcset=\"https:\/\/agro-expert.eu\/wp-content\/uploads\/2025\/06\/Zrzut-ekranu-2025-06-9-o-14.56.29.png 1118w, https:\/\/agro-expert.eu\/wp-content\/uploads\/2025\/06\/Zrzut-ekranu-2025-06-9-o-14.56.29-300x50.png 300w, https:\/\/agro-expert.eu\/wp-content\/uploads\/2025\/06\/Zrzut-ekranu-2025-06-9-o-14.56.29-1024x172.png 1024w, https:\/\/agro-expert.eu\/wp-content\/uploads\/2025\/06\/Zrzut-ekranu-2025-06-9-o-14.56.29-768x129.png 768w, https:\/\/agro-expert.eu\/wp-content\/uploads\/2025\/06\/Zrzut-ekranu-2025-06-9-o-14.56.29-600x101.png 600w\" sizes=\"(max-width: 1118px) 100vw, 1118px\" \/><\/p>\n<h4 id=\"headline-119-69\" class=\"ct-headline\"><strong>Dodatkowe informacje:<\/strong><\/h4>\n<div id=\"text_block-140-69\" class=\"ct-text-block\">\n<section id=\"section-71-71\" class=\" ct-section oxy-margin-bottom\">\n<div class=\"ct-section-inner-wrap\">\n<div id=\"text_block-73-71\" class=\"ct-text-block\">\n<section id=\"section-563-65\" class=\" ct-section oxy-margin-bottom\">\n<div class=\"ct-section-inner-wrap\">\n<div id=\"text_block-565-65\" class=\"ct-text-block\">\n<p>Preparat SOLER R doskonale rozpuszcza si\u0119 w wodzie i \u0142atwo przelewa, a jego \u017celowa konsystencja umo\u017cliwia wygodne dawkowanie. Od\u017cywka na rzepak jest odporna na d\u0142ugotrwa\u0142e przechowywanie i nawet po wielu miesi\u0105cach zachowuje wszystkie walory u\u017cytkowe.<\/p>\n<p>SOLER R jako jedyny tego typu preparat na rynku nie zawiera azotu i innych pierwiastk\u00f3w balastowych, a wszystkie jego sk\u0142adniki ca\u0142kowicie rozpuszczaj\u0105 si\u0119 w wodzie.<\/p>\n<\/div>\n<\/div>\n<\/section>\n<section id=\"section-605-65\" class=\" ct-section oxy-margin-bottom-last\">\n<div class=\"ct-section-inner-wrap\"><\/div>\n<\/section>\n<\/div>\n<\/div>\n<\/section>\n<section id=\"section-113-71\" class=\" ct-section oxy-margin-bottom-last\">\n<div class=\"ct-section-inner-wrap\"><\/div>\n<\/section>\n<\/div>\n<\/div>\n<\/section>\n<\/div>\n<\/div>\n<\/div>\n<\/div>\n<\/div>\n<\/section>\n<section id=\"section-120-79\" class=\" ct-section oxy-margin-bottom\">\n<div class=\"ct-section-inner-wrap\"><\/div>\n<\/section>\n<\/div>\n<\/div>\n<\/div>\n<\/div>\n<\/div>\n<\/section>\n<section id=\"section-71-77\" class=\" ct-section oxy-margin-bottom\">\n<div class=\"ct-section-inner-wrap\"><\/div>\n<\/section>\n<section id=\"section-352-87\" class=\" ct-section oxy-margin-bottom\">\n<div class=\"ct-section-inner-wrap\"><\/div>\n<\/section>\n<\/div>\n<\/section>\n<\/div>\n<\/div>\n","protected":false},"excerpt":{"rendered":"<p>SOLER R Od\u017cywka na rzepak Innowacyjny naw\u00f3z mikroelementowy SOLER R jest wysoce skutecznym preparatem dedykowanym uprawie rzepaku. Dzi\u0119ki wysokiej koncentracji siarki i miedzi systemicznej w\u0142a\u015bciwie od\u017cywia rzepak i zapewnia uprawie lepszy wzrost i plonowanie. \u017belowa konsystencja sprawia, \u017ce sk\u0142adniki nawozowe prawie ca\u0142kowicie wch\u0142aniaj\u0105 si\u0119 do ro\u015bliny. Zaawansowana technologia SILEVEL\u2122 umo\u017cliwia powolne i d\u0142ugotrwa\u0142e oddawanie sk\u0142adnik\u00f3w &#8230; <a title=\"SOLER  R- 5L (Od\u017cywka na rzepak)\" class=\"read-more\" href=\"https:\/\/agro-expert.eu\/?product=soler-r-5l-odzywka-na-rzepak\" aria-label=\"Read more about SOLER  R- 5L (Od\u017cywka na rzepak)\">Dowiedz si\u0119 wi\u0119cej<\/a><\/p>\n","protected":false},"featured_media":942,"comment_status":"open","ping_status":"closed","template":"","meta":{"om_disable_all_campaigns":false,"_monsterinsights_skip_tracking":false,"_monsterinsights_sitenote_active":false,"_monsterinsights_sitenote_note":"","_monsterinsights_sitenote_category":0,"_uf_show_specific_survey":0,"_uf_disable_surveys":false},"product_brand":[],"product_cat":[45,49],"product_tag":[],"class_list":{"0":"post-941","1":"product","2":"type-product","3":"status-publish","4":"has-post-thumbnail","6":"product_cat-agrarius","7":"product_cat-nawozy-agrarius","9":"first","10":"instock","11":"taxable","12":"shipping-taxable","13":"purchasable","14":"product-type-simple"},"aioseo_notices":[],"jetpack_sharing_enabled":true,"_links":{"self":[{"href":"https:\/\/agro-expert.eu\/index.php?rest_route=\/wp\/v2\/product\/941","targetHints":{"allow":["GET"]}}],"collection":[{"href":"https:\/\/agro-expert.eu\/index.php?rest_route=\/wp\/v2\/product"}],"about":[{"href":"https:\/\/agro-expert.eu\/index.php?rest_route=\/wp\/v2\/types\/product"}],"replies":[{"embeddable":true,"href":"https:\/\/agro-expert.eu\/index.php?rest_route=%2Fwp%2Fv2%2Fcomments&post=941"}],"wp:featuredmedia":[{"embeddable":true,"href":"https:\/\/agro-expert.eu\/index.php?rest_route=\/wp\/v2\/media\/942"}],"wp:attachment":[{"href":"https:\/\/agro-expert.eu\/index.php?rest_route=%2Fwp%2Fv2%2Fmedia&parent=941"}],"wp:term":[{"taxonomy":"product_brand","embeddable":true,"href":"https:\/\/agro-expert.eu\/index.php?rest_route=%2Fwp%2Fv2%2Fproduct_brand&post=941"},{"taxonomy":"product_cat","embeddable":true,"href":"https:\/\/agro-expert.eu\/index.php?rest_route=%2Fwp%2Fv2%2Fproduct_cat&post=941"},{"taxonomy":"product_tag","embeddable":true,"href":"https:\/\/agro-expert.eu\/index.php?rest_route=%2Fwp%2Fv2%2Fproduct_tag&post=941"}],"curies":[{"name":"wp","href":"https:\/\/api.w.org\/{rel}","templated":true}]}}