{"id":949,"date":"2025-06-09T15:05:28","date_gmt":"2025-06-09T13:05:28","guid":{"rendered":"https:\/\/agro-expert.eu\/?post_type=product&#038;p=949"},"modified":"2025-07-03T15:52:30","modified_gmt":"2025-07-03T13:52:30","slug":"soler-p-5l-nawoz-do-ziemniakow","status":"publish","type":"product","link":"https:\/\/agro-expert.eu\/?product=soler-p-5l-nawoz-do-ziemniakow","title":{"rendered":"SOLER  P- 5L (Naw\u00f3z do ziemniak\u00f3w)"},"content":{"rendered":"<div class=\"et_pb_module et_pb_image et_pb_image_0\"><\/div>\n<div class=\"et_pb_module et_pb_text et_pb_text_0 et_pb_text_align_left et_pb_bg_layout_light\">\n<div class=\"et_pb_text_inner\">\n<h1 id=\"headline-8-73\" class=\"ct-headline oxy-nawozy\"><strong>SOLER P<\/strong><\/h1>\n<h2 id=\"headline-9-73\" class=\"ct-headline\">Naw\u00f3z do ziemniak\u00f3w<\/h2>\n<div id=\"text_block-10-73\" class=\"ct-text-block\">Innowacyjny naw\u00f3z mikroelementowy w postaci \u017celowej, stworzony specjalnie dla uprawy ziemniak\u00f3w, to skuteczny produkt, kt\u00f3ry zawiera wysok\u0105 zawarto\u015b\u0107 siarki i miedzi systemicznej. Sk\u0142adniki mikroelementowe obecne w nawozie do ziemniak\u00f3w SOLER P maj\u0105 korzystny wp\u0142yw na upraw\u0119 ziemniak\u00f3w, dzia\u0142aj\u0105c wzmacniaj\u0105co, prozdrowotnie, dezynfekuj\u0105co i stymuluj\u0105co. Siarka i \u0142atwo przyswajalna mie\u0107 systemiczna wspieraj\u0105 odporno\u015b\u0107 ro\u015blin na infekcje grzybowe, a zaawansowane technologie SILEVEL\u2122 i QM6\u2122 zastosowane w nawozie do ziemniak\u00f3w zwi\u0119kszaj\u0105 jego efektywno\u015b\u0107.<\/div>\n<p><img fetchpriority=\"high\" decoding=\"async\" class=\"aligncenter wp-image-946 size-full\" src=\"https:\/\/agro-expert.eu\/wp-content\/uploads\/2025\/06\/Zrzut-ekranu-2025-06-9-o-15.03.11.png\" alt=\"\" width=\"1195\" height=\"259\" srcset=\"https:\/\/agro-expert.eu\/wp-content\/uploads\/2025\/06\/Zrzut-ekranu-2025-06-9-o-15.03.11.png 1195w, https:\/\/agro-expert.eu\/wp-content\/uploads\/2025\/06\/Zrzut-ekranu-2025-06-9-o-15.03.11-300x65.png 300w, https:\/\/agro-expert.eu\/wp-content\/uploads\/2025\/06\/Zrzut-ekranu-2025-06-9-o-15.03.11-1024x222.png 1024w, https:\/\/agro-expert.eu\/wp-content\/uploads\/2025\/06\/Zrzut-ekranu-2025-06-9-o-15.03.11-768x166.png 768w, https:\/\/agro-expert.eu\/wp-content\/uploads\/2025\/06\/Zrzut-ekranu-2025-06-9-o-15.03.11-600x130.png 600w\" sizes=\"(max-width: 1195px) 100vw, 1195px\" \/><\/p>\n<p><strong>DZIA\u0141ANIE:<\/strong><\/p>\n<p>W sk\u0142adzie dolistnego preparatu SOLER P znajduj\u0105 si\u0119 bor, mied\u017a, mangan, molibden, cynk oraz siarka. Prawid\u0142owe zaopatrzenie ro\u015blin w te pierwiastki ma du\u017cy wp\u0142yw na wielko\u015b\u0107 oraz jako\u015b\u0107 uzyskiwanych plon\u00f3w. Mangan bierze udzia\u0142 w licznych procesach metabolizowania bia\u0142ek, cukr\u00f3w i lipid\u00f3w, a tak\u017ce uczestniczy w procesie fotosyntezy i reguluje hormony ro\u015blinne. Z kolei mied\u017a systemiczna wspiera odporno\u015b\u0107 ro\u015blin oraz wp\u0142ywa na produkcj\u0119 i \u017cywotno\u015b\u0107 py\u0142ku. Cynk jest natomiast sk\u0142adnikiem polimerazy RNA oraz uczestniczy w przemianach bia\u0142kowych i sacharydowych. Bor odpowiada za tworzenie \u015bcian kom\u00f3rkowych, reguluje przemiany cukr\u00f3w oraz bierze udzia\u0142 w procesach kwitnienia i zawi\u0105zywania owoc\u00f3w. Molibden, podobnie jak cynk, kontroluje produkcj\u0119 py\u0142ku i wp\u0142ywa na utrzymanie jego \u017cywotno\u015bci. Bior\u0105c pod uwag\u0119, \u017ce wi\u0119kszo\u015b\u0107 gleb w Polsce cechuje si\u0119 ma\u0142\u0105 zawarto\u015bci\u0105 molibdenu,\u00a0<b>naw\u00f3z do ziemniak\u00f3w<\/b>\u00a0powinien by\u0107 wzbogacony o ten kluczowy pierwiastek.<\/p>\n<p>Soler P to innowacyjny\u00a0<b>naw\u00f3z do ziemniak\u00f3w<\/b>\u00a0w formie \u017celu, w kt\u00f3rym zastosowano dwie technologie \u2014 SILEVEL\u2122i QM6\u2122. Istot\u0105 technologii SILEVEL\u2122 jest zamkni\u0119cie sk\u0142adnik\u00f3w nawozowych w przestrzeniach mi\u0119dzypakietowych tzw. kieszeniach. Opracowanie hydro\u017celu na bazie krzemu pozwoli\u0142o wyd\u0142u\u017cy\u0107 i zwi\u0119kszy\u0107 wydajno\u015b\u0107 dawkowania preparatu. To sprawia, \u017ce\u00a0<b>naw\u00f3z do ziemniak\u00f3w<\/b>\u00a0przez d\u0142u\u017cszy czas dostarcza ro\u015blinie mikrosk\u0142adnik\u00f3w. Higroskopijno\u015b\u0107 preparatu sprawia natomiast, \u017ce trudno wysycha, a jednocze\u015bnie \u0142atwo p\u0119cznieje, zachowuj\u0105c du\u017c\u0105 przyczepno\u015b\u0107 do ro\u015bliny. Takie w\u0142a\u015bciwo\u015bci sprawiaj\u0105, \u017ce\u00a0<b>naw\u00f3z do ziemniak\u00f3w<\/b>\u00a0nie zostaje zmyty nawet podczas silnego deszczu. Dzi\u0119ki wysokiej zawarto\u015bci siarki preparat dzia\u0142a wzmacniaj\u0105co i dezynfekuj\u0105co. Siarka nie tylko wspomaga odporno\u015b\u0107 ro\u015blin na choroby, ale te\u017c stymuluje uprawy ziemniaka do wzrostu. Mechanizm stymuluj\u0105cy QM6\u2122 pobudza natomiast ro\u015blin\u0119 do odruch\u00f3w obronnych poprzez zwi\u0119kszenie zdolno\u015bci do magazynowania wody i mikroelement\u00f3w. Prawid\u0142owo dawkowany\u00a0<b>naw\u00f3z do ziemniak\u00f3w<\/b>\u00a0ma pozytywny wp\u0142yw na upraw\u0119 i pozwala utrzyma\u0107 ziemniaki w dobrym zdrowiu.<\/p>\n<p>Dostarczenie odpowiedniej ilo\u015bci mikrosk\u0142adnik\u00f3w jest bardzo wa\u017cne przy intensywnej produkcji rolnej. Wszelkie niedobory wp\u0142ywaj\u0105 bowiem na uzyskiwane plony i spowalniaj\u0105 wzrost ro\u015blin. Oferowany przez nas\u00a0<b>naw\u00f3z do ziemniak\u00f3w<\/b>\u00a0SOLER P podtrzymuje zasobno\u015b\u0107 gleby w mikroelementy, a dodatkowo chroni uprawy ziemniaka przed powszechnymi chorobami.<\/p>\n<p>SOLER P jest ca\u0142kowicie bezpieczny dla ro\u015blin uprawnych, poniewa\u017c to\u00a0<b>naw\u00f3z do ziemniak\u00f3w<\/b>\u00a0bez dodatku chloru. Wszystkie zawarte w nim sk\u0142adniki maj\u0105 w\u0142a\u015bciwo\u015bci dezynfekuj\u0105ce w stosunku do stosowanych opryskiwaczy oraz w\u0142a\u015bciwo\u015bci fungicydowe dla ro\u015blin. Zr\u00f3wnowa\u017cony sk\u0142ad pozwala ograniczy\u0107 rozw\u00f3j patogen\u00f3w chorobotw\u00f3rczych, natomiast hydro\u017celowa konsystencja preparatu pozwala przez d\u0142ugi czas przechowywa\u0107 produkt bez utraty jego jako\u015bci. Nasz\u00a0<b>naw\u00f3z do ziemniak\u00f3w<\/b>\u00a0dobrze si\u0119 miesza i \u0142atwo przelewa.<\/p>\n<p><strong style=\"font-size: inherit; font-family: -apple-system, system-ui, BlinkMacSystemFont, 'Segoe UI', Helvetica, Arial, sans-serif, 'Apple Color Emoji', 'Segoe UI Emoji', 'Segoe UI Symbol';\">SK\u0141AD:\u00a0<\/strong><\/p>\n<\/div>\n<div class=\"et_pb_text_inner\">\n<section id=\"section-50-47\" class=\" ct-section oxy-margin-bottom\">\n<div class=\"ct-section-inner-wrap\">\n<div id=\"_tabs_contents-60-47\" class=\"oxy-tabs-contents-wrapper oxy-tabs-contents\">\n<div id=\"_tab_content-64-47\" class=\"oxy-tab-content tabs-contents-2212-tab\">\n<div id=\"div_block-65-47\" class=\"ct-div-block\">\n<div id=\"_rich_text-66-47\" class=\"oxy-rich-text\">\n<section id=\"section-51-85\" class=\" ct-section oxy-margin-bottom\">\n<div class=\"ct-section-inner-wrap\">\n<div id=\"_tabs_contents-61-85\" class=\"oxy-tabs-contents-wrapper oxy-tabs-contents\">\n<div id=\"_tab_content-65-85\" class=\"oxy-tab-content tabs-contents-2212-tab\">\n<div id=\"div_block-66-85\" class=\"ct-div-block\">\n<div id=\"_rich_text-67-85\" class=\"oxy-rich-text\">\n<section id=\"section-51-83\" class=\" ct-section oxy-margin-bottom\">\n<div class=\"ct-section-inner-wrap\">\n<div id=\"_tabs_contents-61-83\" class=\"oxy-tabs-contents-wrapper oxy-tabs-contents\">\n<div id=\"_tab_content-65-83\" class=\"oxy-tab-content tabs-contents-2212-tab\">\n<div id=\"div_block-66-83\" class=\"ct-div-block\">\n<div id=\"_rich_text-67-83\" class=\"oxy-rich-text\">\n<section id=\"section-49-77\" class=\" ct-section oxy-margin-bottom\">\n<div class=\"ct-section-inner-wrap\">\n<div id=\"_tabs_contents-59-77\" class=\"oxy-tabs-contents-wrapper oxy-tabs-contents\">\n<div id=\"_tab_content-63-77\" class=\"oxy-tab-content tabs-contents-2212-tab\">\n<div id=\"div_block-64-77\" class=\"ct-div-block\">\n<div id=\"_rich_text-65-77\" class=\"oxy-rich-text\">\n<section id=\"section-51-79\" class=\" ct-section oxy-margin-bottom\">\n<div class=\"ct-section-inner-wrap\">\n<div id=\"_tabs_contents-61-79\" class=\"oxy-tabs-contents-wrapper oxy-tabs-contents\">\n<div id=\"_tab_content-65-79\" class=\"oxy-tab-content tabs-contents-2212-tab\">\n<div id=\"div_block-66-79\" class=\"ct-div-block\">\n<div id=\"_rich_text-67-79\" class=\"oxy-rich-text\">\n<section id=\"section-51-81\" class=\" ct-section oxy-margin-bottom\">\n<div class=\"ct-section-inner-wrap\">\n<div id=\"_tabs_contents-61-81\" class=\"oxy-tabs-contents-wrapper oxy-tabs-contents\">\n<div id=\"_tab_content-65-81\" class=\"oxy-tab-content tabs-contents-2212-tab\">\n<div id=\"div_block-66-81\" class=\"ct-div-block\">\n<div id=\"_rich_text-67-81\" class=\"oxy-rich-text\">\n<section id=\"section-49-69\" class=\" ct-section oxy-margin-bottom\">\n<div class=\"ct-section-inner-wrap\">\n<div id=\"_tabs_contents-59-69\" class=\"oxy-tabs-contents-wrapper oxy-tabs-contents\">\n<div id=\"_tab_content-63-69\" class=\"oxy-tab-content tabs-contents-2212-tab\">\n<div id=\"div_block-64-69\" class=\"ct-div-block\">\n<div id=\"_rich_text-65-69\" class=\"oxy-rich-text\">\n<section id=\"section-49-71\" class=\" ct-section oxy-margin-bottom\">\n<div class=\"ct-section-inner-wrap\">\n<div id=\"_tabs_contents-59-71\" class=\"oxy-tabs-contents-wrapper oxy-tabs-contents\">\n<div id=\"_tab_content-63-71\" class=\"oxy-tab-content tabs-contents-2212-tab\">\n<div id=\"div_block-64-71\" class=\"ct-div-block\">\n<div id=\"_rich_text-65-71\" class=\"oxy-rich-text\">\n<section id=\"section-541-65\" class=\" ct-section oxy-margin-bottom\">\n<div class=\"ct-section-inner-wrap\">\n<div id=\"_tabs_contents-551-65\" class=\"oxy-tabs-contents-wrapper oxy-tabs-contents\">\n<div id=\"_tab_content-555-65\" class=\"oxy-tab-content tabs-contents-2212-tab\">\n<div id=\"div_block-556-65\" class=\"ct-div-block\">\n<div id=\"_rich_text-557-65\" class=\"oxy-rich-text\">\n<section id=\"section-50-67\" class=\" ct-section oxy-margin-bottom\">\n<div class=\"ct-section-inner-wrap\">\n<div id=\"_tabs_contents-60-67\" class=\"oxy-tabs-contents-wrapper oxy-tabs-contents\">\n<div id=\"_tab_content-64-67\" class=\"oxy-tab-content tabs-contents-2212-tab\">\n<div id=\"div_block-65-67\" class=\"ct-div-block\">\n<div id=\"_rich_text-66-67\" class=\"oxy-rich-text\">\n<section id=\"section-50-67\" class=\" ct-section oxy-margin-bottom\">\n<div class=\"ct-section-inner-wrap\">\n<div id=\"_tabs_contents-60-67\" class=\"oxy-tabs-contents-wrapper oxy-tabs-contents\">\n<div id=\"_tab_content-64-67\" class=\"oxy-tab-content tabs-contents-2212-tab\">\n<div id=\"div_block-65-67\" class=\"ct-div-block\">\n<div id=\"_rich_text-66-67\" class=\"oxy-rich-text\">\n<section id=\"section-50-73\" class=\" ct-section oxy-margin-bottom\">\n<div class=\"ct-section-inner-wrap\">\n<div id=\"_tabs_contents-60-73\" class=\"oxy-tabs-contents-wrapper oxy-tabs-contents\">\n<div id=\"_tab_content-64-73\" class=\"oxy-tab-content tabs-contents-2212-tab\">\n<div id=\"div_block-65-73\" class=\"ct-div-block\">\n<div id=\"_rich_text-66-73\" class=\"oxy-rich-text\">\n<p>Bor (B) \u2013 0,40% (w\/w), Mied\u017a (Cu) \u2013 1,50% (w\/w), Mangan (Mn) \u2013 4,50% (w\/w), Molibden (Mo) \u2013 0,02% (w\/w), Cynk (Zn) \u2013 3,50% (w\/w), Siarka (SO3) \u2013 13,10% (w\/w).<\/p>\n<\/div>\n<\/div>\n<\/div>\n<\/div>\n<\/div>\n<\/section>\n<section id=\"section-72-73\" class=\" ct-section oxy-margin-bottom\">\n<div class=\"ct-section-inner-wrap\"><\/div>\n<\/section>\n<\/div>\n<\/div>\n<\/div>\n<\/div>\n<\/div>\n<\/section>\n<section id=\"section-72-67\" class=\" ct-section oxy-margin-bottom\">\n<div class=\"ct-section-inner-wrap\"><\/div>\n<\/section>\n<\/div>\n<\/div>\n<\/div>\n<\/div>\n<\/div>\n<\/section>\n<section id=\"section-72-67\" class=\" ct-section oxy-margin-bottom\">\n<div class=\"ct-section-inner-wrap\"><\/div>\n<\/section>\n<\/div>\n<\/div>\n<\/div>\n<\/div>\n<\/div>\n<\/section>\n<section id=\"section-563-65\" class=\" ct-section oxy-margin-bottom\">\n<div class=\"ct-section-inner-wrap\"><\/div>\n<\/section>\n<\/div>\n<\/div>\n<\/div>\n<\/div>\n<\/div>\n<\/section>\n<section id=\"section-71-71\" class=\" ct-section oxy-margin-bottom\">\n<div class=\"ct-section-inner-wrap\"><\/div>\n<\/section>\n<\/div>\n<\/div>\n<\/div>\n<\/div>\n<\/div>\n<\/section>\n<section id=\"section-118-69\" class=\" ct-section oxy-margin-bottom\">\n<div class=\"ct-section-inner-wrap\"><\/div>\n<\/section>\n<\/div>\n<\/div>\n<\/div>\n<\/div>\n<\/div>\n<\/section>\n<section id=\"section-112-81\" class=\" ct-section oxy-margin-bottom-last\">\n<div class=\"ct-section-inner-wrap\"><\/div>\n<\/section>\n<\/div>\n<\/div>\n<\/div>\n<\/div>\n<\/div>\n<\/section>\n<\/div>\n<\/div>\n<\/div>\n<\/div>\n<\/div>\n<\/section>\n<\/div>\n<\/div>\n<\/div>\n<\/div>\n<\/div>\n<\/section>\n<\/div>\n<\/div>\n<\/div>\n<\/div>\n<\/div>\n<\/section>\n<section id=\"section-112-85\" class=\" ct-section oxy-margin-bottom-last\">\n<div class=\"ct-section-inner-wrap\"><\/div>\n<\/section>\n<\/div>\n<\/div>\n<\/div>\n<\/div>\n<\/div>\n<\/section>\n<section id=\"section-1383-47\" class=\" ct-section oxy-margin-bottom\">\n<div class=\"ct-section-inner-wrap\">\n<p><strong><strong>Dawkowanie:<\/strong><\/strong><\/p>\n<section id=\"section-49-77\" class=\" ct-section oxy-margin-bottom\">\n<div class=\"ct-section-inner-wrap\">\n<div id=\"_tabs_contents-59-77\" class=\"oxy-tabs-contents-wrapper oxy-tabs-contents\">\n<div id=\"_tab_content-66-77\" class=\"oxy-tab-content tabs-contents-2212-tab\">\n<div id=\"div_block-67-77\" class=\"ct-div-block\">\n<div id=\"_rich_text-68-77\" class=\"oxy-rich-text\">\n<section id=\"section-51-79\" class=\" ct-section oxy-margin-bottom\">\n<div class=\"ct-section-inner-wrap\">\n<div id=\"_tabs_contents-61-79\" class=\"oxy-tabs-contents-wrapper oxy-tabs-contents\">\n<div id=\"_tab_content-68-79\" class=\"oxy-tab-content tabs-contents-2212-tab\">\n<div id=\"div_block-69-79\" class=\"ct-div-block\">\n<div id=\"_rich_text-70-79\" class=\"oxy-rich-text\">\n<section id=\"section-51-81\" class=\" ct-section oxy-margin-bottom\">\n<div class=\"ct-section-inner-wrap\">\n<div id=\"_tabs_contents-61-81\" class=\"oxy-tabs-contents-wrapper oxy-tabs-contents\">\n<div id=\"_tab_content-68-81\" class=\"oxy-tab-content tabs-contents-2212-tab\">\n<div id=\"div_block-69-81\" class=\"ct-div-block\">\n<div id=\"_rich_text-70-81\" class=\"oxy-rich-text\"><\/div>\n<\/div>\n<\/div>\n<\/div>\n<\/div>\n<\/section>\n<section id=\"section-112-81\" class=\" ct-section oxy-margin-bottom-last\">\n<div class=\"ct-section-inner-wrap\">\n<p><img decoding=\"async\" class=\"aligncenter wp-image-947 size-full\" src=\"https:\/\/agro-expert.eu\/wp-content\/uploads\/2025\/06\/Zrzut-ekranu-2025-06-9-o-15.03.17.png\" alt=\"\" width=\"1122\" height=\"190\" srcset=\"https:\/\/agro-expert.eu\/wp-content\/uploads\/2025\/06\/Zrzut-ekranu-2025-06-9-o-15.03.17.png 1122w, https:\/\/agro-expert.eu\/wp-content\/uploads\/2025\/06\/Zrzut-ekranu-2025-06-9-o-15.03.17-300x51.png 300w, https:\/\/agro-expert.eu\/wp-content\/uploads\/2025\/06\/Zrzut-ekranu-2025-06-9-o-15.03.17-1024x173.png 1024w, https:\/\/agro-expert.eu\/wp-content\/uploads\/2025\/06\/Zrzut-ekranu-2025-06-9-o-15.03.17-768x130.png 768w, https:\/\/agro-expert.eu\/wp-content\/uploads\/2025\/06\/Zrzut-ekranu-2025-06-9-o-15.03.17-600x102.png 600w\" sizes=\"(max-width: 1122px) 100vw, 1122px\" \/><\/p>\n<h4 id=\"headline-119-69\" class=\"ct-headline\"><strong>Dodatkowe informacje:<\/strong><\/h4>\n<div id=\"text_block-140-69\" class=\"ct-text-block\">\n<section id=\"section-71-71\" class=\" ct-section oxy-margin-bottom\">\n<div class=\"ct-section-inner-wrap\">\n<div id=\"text_block-73-71\" class=\"ct-text-block\">\n<section id=\"section-563-65\" class=\" ct-section oxy-margin-bottom\">\n<div class=\"ct-section-inner-wrap\">\n<div id=\"text_block-565-65\" class=\"ct-text-block\">\n<section id=\"section-72-73\" class=\" ct-section oxy-margin-bottom\">\n<div class=\"ct-section-inner-wrap\">\n<div id=\"text_block-74-73\" class=\"ct-text-block\">Naw\u00f3z do ziemniak\u00f3w SOLER P ma d\u0142ugi termin wa\u017cno\u015bci u\u017cycia i nawet po d\u0142ugich miesi\u0105cach przechowywania nie traci swoich warto\u015bci u\u017cytkowych.<\/div>\n<\/div>\n<\/section>\n<section id=\"section-114-73\" class=\" ct-section oxy-margin-bottom-last\">\n<div class=\"ct-section-inner-wrap\"><\/div>\n<\/section>\n<p>&nbsp;<\/p>\n<\/div>\n<\/div>\n<\/section>\n<section id=\"section-605-65\" class=\" ct-section oxy-margin-bottom-last\">\n<div class=\"ct-section-inner-wrap\"><\/div>\n<\/section>\n<\/div>\n<\/div>\n<\/section>\n<section id=\"section-113-71\" class=\" ct-section oxy-margin-bottom-last\">\n<div class=\"ct-section-inner-wrap\"><\/div>\n<\/section>\n<\/div>\n<\/div>\n<\/section>\n<\/div>\n<\/div>\n<\/div>\n<\/div>\n<\/div>\n<\/section>\n<section id=\"section-120-79\" class=\" ct-section oxy-margin-bottom\">\n<div class=\"ct-section-inner-wrap\"><\/div>\n<\/section>\n<\/div>\n<\/div>\n<\/div>\n<\/div>\n<\/div>\n<\/section>\n<section id=\"section-71-77\" class=\" ct-section oxy-margin-bottom\">\n<div class=\"ct-section-inner-wrap\"><\/div>\n<\/section>\n<section id=\"section-352-87\" class=\" ct-section oxy-margin-bottom\">\n<div class=\"ct-section-inner-wrap\"><\/div>\n<\/section>\n<\/div>\n<\/section>\n<\/div>\n<\/div>\n","protected":false},"excerpt":{"rendered":"<p>SOLER P Naw\u00f3z do ziemniak\u00f3w Innowacyjny naw\u00f3z mikroelementowy w postaci \u017celowej, stworzony specjalnie dla uprawy ziemniak\u00f3w, to skuteczny produkt, kt\u00f3ry zawiera wysok\u0105 zawarto\u015b\u0107 siarki i miedzi systemicznej. Sk\u0142adniki mikroelementowe obecne w nawozie do ziemniak\u00f3w SOLER P maj\u0105 korzystny wp\u0142yw na upraw\u0119 ziemniak\u00f3w, dzia\u0142aj\u0105c wzmacniaj\u0105co, prozdrowotnie, dezynfekuj\u0105co i stymuluj\u0105co. Siarka i \u0142atwo przyswajalna mie\u0107 systemiczna wspieraj\u0105 &#8230; <a title=\"SOLER  P- 5L (Naw\u00f3z do ziemniak\u00f3w)\" class=\"read-more\" href=\"https:\/\/agro-expert.eu\/?product=soler-p-5l-nawoz-do-ziemniakow\" aria-label=\"Read more about SOLER  P- 5L (Naw\u00f3z do ziemniak\u00f3w)\">Dowiedz si\u0119 wi\u0119cej<\/a><\/p>\n","protected":false},"featured_media":950,"comment_status":"open","ping_status":"closed","template":"","meta":{"om_disable_all_campaigns":false,"_monsterinsights_skip_tracking":false,"_monsterinsights_sitenote_active":false,"_monsterinsights_sitenote_note":"","_monsterinsights_sitenote_category":0,"_uf_show_specific_survey":0,"_uf_disable_surveys":false},"product_brand":[],"product_cat":[45,49],"product_tag":[],"class_list":{"0":"post-949","1":"product","2":"type-product","3":"status-publish","4":"has-post-thumbnail","6":"product_cat-agrarius","7":"product_cat-nawozy-agrarius","9":"first","10":"instock","11":"taxable","12":"shipping-taxable","13":"purchasable","14":"product-type-simple"},"aioseo_notices":[],"jetpack_sharing_enabled":true,"_links":{"self":[{"href":"https:\/\/agro-expert.eu\/index.php?rest_route=\/wp\/v2\/product\/949","targetHints":{"allow":["GET"]}}],"collection":[{"href":"https:\/\/agro-expert.eu\/index.php?rest_route=\/wp\/v2\/product"}],"about":[{"href":"https:\/\/agro-expert.eu\/index.php?rest_route=\/wp\/v2\/types\/product"}],"replies":[{"embeddable":true,"href":"https:\/\/agro-expert.eu\/index.php?rest_route=%2Fwp%2Fv2%2Fcomments&post=949"}],"wp:featuredmedia":[{"embeddable":true,"href":"https:\/\/agro-expert.eu\/index.php?rest_route=\/wp\/v2\/media\/950"}],"wp:attachment":[{"href":"https:\/\/agro-expert.eu\/index.php?rest_route=%2Fwp%2Fv2%2Fmedia&parent=949"}],"wp:term":[{"taxonomy":"product_brand","embeddable":true,"href":"https:\/\/agro-expert.eu\/index.php?rest_route=%2Fwp%2Fv2%2Fproduct_brand&post=949"},{"taxonomy":"product_cat","embeddable":true,"href":"https:\/\/agro-expert.eu\/index.php?rest_route=%2Fwp%2Fv2%2Fproduct_cat&post=949"},{"taxonomy":"product_tag","embeddable":true,"href":"https:\/\/agro-expert.eu\/index.php?rest_route=%2Fwp%2Fv2%2Fproduct_tag&post=949"}],"curies":[{"name":"wp","href":"https:\/\/api.w.org\/{rel}","templated":true}]}}