{"id":957,"date":"2025-06-09T15:12:17","date_gmt":"2025-06-09T13:12:17","guid":{"rendered":"https:\/\/agro-expert.eu\/?post_type=product&#038;p=957"},"modified":"2025-07-03T15:52:30","modified_gmt":"2025-07-03T13:52:30","slug":"soler-s-5l-nawoz-do-slonecznika","status":"publish","type":"product","link":"https:\/\/agro-expert.eu\/?product=soler-s-5l-nawoz-do-slonecznika","title":{"rendered":"SOLER  S- 5L (Naw\u00f3z do s\u0142onecznika)"},"content":{"rendered":"<div class=\"et_pb_module et_pb_image et_pb_image_0\"><\/div>\n<div class=\"et_pb_module et_pb_text et_pb_text_0 et_pb_text_align_left et_pb_bg_layout_light\">\n<div class=\"et_pb_text_inner\">\n<h1 id=\"headline-8-1521\" class=\"ct-headline oxy-nawozy\"><strong>SOLER S<\/strong><\/h1>\n<h2 id=\"headline-9-1521\" class=\"ct-headline\">Naw\u00f3z do s\u0142onecznika<\/h2>\n<div id=\"text_block-10-1521\" class=\"ct-text-block\">SOLER S to zawiesinowy naw\u00f3z do s\u0142onecznika wyposa\u017cony w mikroelementy, przeznaczony do dolistnego dokarmiania upraw. Naw\u00f3z ten charakteryzuje si\u0119 natychmiastowym dostarczaniem ro\u015blinom s\u0142onecznika sk\u0142adnik\u00f3w od\u017cywczych w postaci mikroelement\u00f3w w proporcjach odpowiadaj\u0105cych konkretnym wymaganiom pokarmowym tej ro\u015bliny . W nawozach SOLER zastosowano dwie innowacyjne formu\u0142y QM6\u2122 oraz SILEVEL\u2122 . Technologia QM6\u2122 determinuje zwi\u0119kszone pobieranie sk\u0142adnik\u00f3w nawozowych, szybszy wzrost i lepsze plonowanie ro\u015blin. Technologia SILEVEL\u2122 zatrzymuje sk\u0142adniki nawozowe na ro\u015blinie umo\u017cliwiaj\u0105c stabilne i d\u0142ugotrwa\u0142e pobieranie ich.<\/div>\n<p><img fetchpriority=\"high\" decoding=\"async\" class=\"aligncenter wp-image-954 size-full\" src=\"https:\/\/agro-expert.eu\/wp-content\/uploads\/2025\/06\/Zrzut-ekranu-2025-06-9-o-15.10.31.png\" alt=\"\" width=\"1165\" height=\"295\" srcset=\"https:\/\/agro-expert.eu\/wp-content\/uploads\/2025\/06\/Zrzut-ekranu-2025-06-9-o-15.10.31.png 1165w, https:\/\/agro-expert.eu\/wp-content\/uploads\/2025\/06\/Zrzut-ekranu-2025-06-9-o-15.10.31-300x76.png 300w, https:\/\/agro-expert.eu\/wp-content\/uploads\/2025\/06\/Zrzut-ekranu-2025-06-9-o-15.10.31-1024x259.png 1024w, https:\/\/agro-expert.eu\/wp-content\/uploads\/2025\/06\/Zrzut-ekranu-2025-06-9-o-15.10.31-768x194.png 768w, https:\/\/agro-expert.eu\/wp-content\/uploads\/2025\/06\/Zrzut-ekranu-2025-06-9-o-15.10.31-600x152.png 600w\" sizes=\"(max-width: 1165px) 100vw, 1165px\" \/><\/p>\n<p><strong>DZIA\u0141ANIE:<\/strong><\/p>\n<p>Niedobory mikroelement\u00f3w w uprawie s\u0142onecznika na pocz\u0105tku nie s\u0105 jednoznaczne i zobaczymy ich go\u0142ym okiem. Z mikroelement\u00f3w dla s\u0142onecznika bardzo wa\u017cny jest bor i molibden, kt\u00f3rych niedobory mog\u0105 wyst\u0105pi\u0107 przede wszystkim na glebach l\u017cejszych jak i zbytnio zbitych. Specjalnie skomponowany naw\u00f3z do s\u0142onecznika SOLER S jest odpowiedzi\u0105 na niedobory mikroelement\u00f3w w uprawie s\u0142onecznika. Odpowiednia dawka Boru (B) i Molibdenu (Mo) w nawozie do s\u0142onecznika zapobiegaj\u0105 zaburzeniom rozwoju sto\u017ck\u00f3w wzrostu, pozwalaj\u0105 uformowa\u0107 bujne kwiatostany oraz zwi\u0119kszaj\u0105 wydajno\u015b\u0107 i ilo\u015b\u0107 plonu s\u0142onecznika. Inne mikroelementy w nawozie do s\u0142onecznika SOLER S jak Mied\u017a (Cu), Mangan (Mn), Cynk (Zn) oraz Siarka (SO3) s\u0105 r\u00f3wnie kluczowe dla uprawy s\u0142onecznika \u2013 dbaj\u0105 o efektywno\u015b\u0107 wykorzystania azotu, stymuluj\u0105 system korzeniowy ro\u015blin i podnosz\u0105 fitosanitarno\u015b\u0107 uprawy.<\/p>\n<p>Dzi\u0119ki zastosowaniu technologii SILEVEL\u2122, hydro\u017cele oparte na krzemie tworz\u0105 specjalne przestrzenie, gdzie zatrzymywane s\u0105 sk\u0142adniki od\u017cywcze. Po kontakcie z ro\u015blin\u0105, te substancje od\u017cywcze s\u0105 stopniowo uwalniane, co skutecznie wyd\u0142u\u017ca ich dost\u0119pno\u015b\u0107 dla ro\u015blin. Naw\u00f3z SOLER S dla s\u0142onecznika posiada w\u0142a\u015bciwo\u015bci higroskopijne, dzi\u0119ki czemu jest odporny na zbyt szybkie wysychanie. To sprawia, \u017ce \u0142atwo p\u0119cznieje, umo\u017cliwiaj\u0105c mu d\u0142ugotrwa\u0142e przyleganie do ro\u015bliny nawet podczas opad\u00f3w, co gwarantuje skuteczne od\u017cywienie s\u0142onecznika. jest bezpieczny w u\u017cyciu, zapobiega poparzeniom li\u015bci.<\/p>\n<p>Dodatkowo, produkt zosta\u0142 usprawniony przez mechanizm stymuluj\u0105cy QM6\u2122, kt\u00f3ry aktywuje naturalne mechanizmy obronne ro\u015blin. Ten system wzmacnia zdolno\u015b\u0107 ro\u015blin do zatrzymywania wody i substancji aktywnych z nawozu do s\u0142onecznika SOLER S. W rezultacie tego kompleksowego procesu mo\u017cemy oczekiwa\u0107 obfitych i wysokiej jako\u015bci plon\u00f3w.<\/p>\n<p>Naw\u00f3z SOLER S, opracowany specjalnie dla uprawy s\u0142onecznika, charakteryzuje si\u0119 wysokim poziomem bezpiecze\u0144stwa, b\u0119d\u0105c preparatem bezchlorkowym. Sk\u0142adniki zawarte w produkcie posiadaj\u0105 w\u0142a\u015bciwo\u015bci dezynfekuj\u0105ce dla u\u017cywanych urz\u0105dze\u0144 do opryskiwania oraz pe\u0142ni\u0105 rol\u0119 fungicydu dla ro\u015blin, co pomaga w ograniczeniu rozwoju chorobotw\u00f3rczych patogen\u00f3w. Dzi\u0119ki swojej \u017celowej konsystencji, naw\u00f3z ten mo\u017ce by\u0107 przechowywany przez d\u0142ugi czas, zachowuj\u0105c pe\u0142n\u0105 skuteczno\u015b\u0107 i jako\u015b\u0107. Dodatkowo, dedykowany s\u0142onecznikowi preparat \u0142atwo si\u0119 miesza, co sprawia, \u017ce jest wygodny i praktyczny w u\u017cyciu.<\/p>\n<p><strong style=\"font-size: inherit; font-family: -apple-system, system-ui, BlinkMacSystemFont, 'Segoe UI', Helvetica, Arial, sans-serif, 'Apple Color Emoji', 'Segoe UI Emoji', 'Segoe UI Symbol';\">SK\u0141AD:\u00a0<\/strong><\/p>\n<\/div>\n<div class=\"et_pb_text_inner\">\n<section id=\"section-50-47\" class=\" ct-section oxy-margin-bottom\">\n<div class=\"ct-section-inner-wrap\">\n<div id=\"_tabs_contents-60-47\" class=\"oxy-tabs-contents-wrapper oxy-tabs-contents\">\n<div id=\"_tab_content-64-47\" class=\"oxy-tab-content tabs-contents-2212-tab\">\n<div id=\"div_block-65-47\" class=\"ct-div-block\">\n<div id=\"_rich_text-66-47\" class=\"oxy-rich-text\">\n<section id=\"section-51-85\" class=\" ct-section oxy-margin-bottom\">\n<div class=\"ct-section-inner-wrap\">\n<div id=\"_tabs_contents-61-85\" class=\"oxy-tabs-contents-wrapper oxy-tabs-contents\">\n<div id=\"_tab_content-65-85\" class=\"oxy-tab-content tabs-contents-2212-tab\">\n<div id=\"div_block-66-85\" class=\"ct-div-block\">\n<div id=\"_rich_text-67-85\" class=\"oxy-rich-text\">\n<section id=\"section-51-83\" class=\" ct-section oxy-margin-bottom\">\n<div class=\"ct-section-inner-wrap\">\n<div id=\"_tabs_contents-61-83\" class=\"oxy-tabs-contents-wrapper oxy-tabs-contents\">\n<div id=\"_tab_content-65-83\" class=\"oxy-tab-content tabs-contents-2212-tab\">\n<div id=\"div_block-66-83\" class=\"ct-div-block\">\n<div id=\"_rich_text-67-83\" class=\"oxy-rich-text\">\n<section id=\"section-49-77\" class=\" ct-section oxy-margin-bottom\">\n<div class=\"ct-section-inner-wrap\">\n<div id=\"_tabs_contents-59-77\" class=\"oxy-tabs-contents-wrapper oxy-tabs-contents\">\n<div id=\"_tab_content-63-77\" class=\"oxy-tab-content tabs-contents-2212-tab\">\n<div id=\"div_block-64-77\" class=\"ct-div-block\">\n<div id=\"_rich_text-65-77\" class=\"oxy-rich-text\">\n<section id=\"section-51-79\" class=\" ct-section oxy-margin-bottom\">\n<div class=\"ct-section-inner-wrap\">\n<div id=\"_tabs_contents-61-79\" class=\"oxy-tabs-contents-wrapper oxy-tabs-contents\">\n<div id=\"_tab_content-65-79\" class=\"oxy-tab-content tabs-contents-2212-tab\">\n<div id=\"div_block-66-79\" class=\"ct-div-block\">\n<div id=\"_rich_text-67-79\" class=\"oxy-rich-text\">\n<section id=\"section-51-81\" class=\" ct-section oxy-margin-bottom\">\n<div class=\"ct-section-inner-wrap\">\n<div id=\"_tabs_contents-61-81\" class=\"oxy-tabs-contents-wrapper oxy-tabs-contents\">\n<div id=\"_tab_content-65-81\" class=\"oxy-tab-content tabs-contents-2212-tab\">\n<div id=\"div_block-66-81\" class=\"ct-div-block\">\n<div id=\"_rich_text-67-81\" class=\"oxy-rich-text\">\n<section id=\"section-49-69\" class=\" ct-section oxy-margin-bottom\">\n<div class=\"ct-section-inner-wrap\">\n<div id=\"_tabs_contents-59-69\" class=\"oxy-tabs-contents-wrapper oxy-tabs-contents\">\n<div id=\"_tab_content-63-69\" class=\"oxy-tab-content tabs-contents-2212-tab\">\n<div id=\"div_block-64-69\" class=\"ct-div-block\">\n<div id=\"_rich_text-65-69\" class=\"oxy-rich-text\">\n<section id=\"section-49-71\" class=\" ct-section oxy-margin-bottom\">\n<div class=\"ct-section-inner-wrap\">\n<div id=\"_tabs_contents-59-71\" class=\"oxy-tabs-contents-wrapper oxy-tabs-contents\">\n<div id=\"_tab_content-63-71\" class=\"oxy-tab-content tabs-contents-2212-tab\">\n<div id=\"div_block-64-71\" class=\"ct-div-block\">\n<div id=\"_rich_text-65-71\" class=\"oxy-rich-text\">\n<section id=\"section-541-65\" class=\" ct-section oxy-margin-bottom\">\n<div class=\"ct-section-inner-wrap\">\n<div id=\"_tabs_contents-551-65\" class=\"oxy-tabs-contents-wrapper oxy-tabs-contents\">\n<div id=\"_tab_content-555-65\" class=\"oxy-tab-content tabs-contents-2212-tab\">\n<div id=\"div_block-556-65\" class=\"ct-div-block\">\n<div id=\"_rich_text-557-65\" class=\"oxy-rich-text\">\n<section id=\"section-50-67\" class=\" ct-section oxy-margin-bottom\">\n<div class=\"ct-section-inner-wrap\">\n<div id=\"_tabs_contents-60-67\" class=\"oxy-tabs-contents-wrapper oxy-tabs-contents\">\n<div id=\"_tab_content-64-67\" class=\"oxy-tab-content tabs-contents-2212-tab\">\n<div id=\"div_block-65-67\" class=\"ct-div-block\">\n<div id=\"_rich_text-66-67\" class=\"oxy-rich-text\">\n<section id=\"section-50-67\" class=\" ct-section oxy-margin-bottom\">\n<div class=\"ct-section-inner-wrap\">\n<div id=\"_tabs_contents-60-67\" class=\"oxy-tabs-contents-wrapper oxy-tabs-contents\">\n<div id=\"_tab_content-64-67\" class=\"oxy-tab-content tabs-contents-2212-tab\">\n<div id=\"div_block-65-67\" class=\"ct-div-block\">\n<div id=\"_rich_text-66-67\" class=\"oxy-rich-text\">\n<section id=\"section-50-73\" class=\" ct-section oxy-margin-bottom\">\n<div class=\"ct-section-inner-wrap\">\n<div id=\"_tabs_contents-60-73\" class=\"oxy-tabs-contents-wrapper oxy-tabs-contents\">\n<div id=\"_tab_content-64-73\" class=\"oxy-tab-content tabs-contents-2212-tab\">\n<div id=\"div_block-65-73\" class=\"ct-div-block\">\n<div id=\"_rich_text-66-73\" class=\"oxy-rich-text\">\n<section id=\"section-51-1521\" class=\" ct-section oxy-margin-bottom\">\n<div class=\"ct-section-inner-wrap\">\n<div id=\"_tabs_contents-61-1521\" class=\"oxy-tabs-contents-wrapper oxy-tabs-contents\">\n<div id=\"_tab_content-65-1521\" class=\"oxy-tab-content tabs-contents-2212-tab\">\n<div id=\"div_block-66-1521\" class=\"ct-div-block\">\n<div id=\"_rich_text-67-1521\" class=\"oxy-rich-text\">\n<p>Bor (B) \u2013 0,40% (w\/w), Mied\u017a (Cu) \u2013 1,50% (w\/w), Mangan (Mn) \u2013 4,00% (w\/w), Molibden (Mo) \u2013 0,5% (w\/w), Cynk (Zn) \u2013 3,00% (w\/w), Siarka (SO3) \u2013 11,70% (w\/w).<\/p>\n<\/div>\n<\/div>\n<\/div>\n<\/div>\n<\/div>\n<\/section>\n<section id=\"section-112-1521\" class=\" ct-section oxy-margin-bottom-last\">\n<div class=\"ct-section-inner-wrap\"><\/div>\n<\/section>\n<\/div>\n<\/div>\n<\/div>\n<\/div>\n<\/div>\n<\/section>\n<section id=\"section-72-73\" class=\" ct-section oxy-margin-bottom\">\n<div class=\"ct-section-inner-wrap\"><\/div>\n<\/section>\n<\/div>\n<\/div>\n<\/div>\n<\/div>\n<\/div>\n<\/section>\n<section id=\"section-72-67\" class=\" ct-section oxy-margin-bottom\">\n<div class=\"ct-section-inner-wrap\"><\/div>\n<\/section>\n<\/div>\n<\/div>\n<\/div>\n<\/div>\n<\/div>\n<\/section>\n<section id=\"section-72-67\" class=\" ct-section oxy-margin-bottom\">\n<div class=\"ct-section-inner-wrap\"><\/div>\n<\/section>\n<\/div>\n<\/div>\n<\/div>\n<\/div>\n<\/div>\n<\/section>\n<section id=\"section-563-65\" class=\" ct-section oxy-margin-bottom\">\n<div class=\"ct-section-inner-wrap\"><\/div>\n<\/section>\n<\/div>\n<\/div>\n<\/div>\n<\/div>\n<\/div>\n<\/section>\n<section id=\"section-71-71\" class=\" ct-section oxy-margin-bottom\">\n<div class=\"ct-section-inner-wrap\"><\/div>\n<\/section>\n<\/div>\n<\/div>\n<\/div>\n<\/div>\n<\/div>\n<\/section>\n<section id=\"section-118-69\" class=\" ct-section oxy-margin-bottom\">\n<div class=\"ct-section-inner-wrap\"><\/div>\n<\/section>\n<\/div>\n<\/div>\n<\/div>\n<\/div>\n<\/div>\n<\/section>\n<section id=\"section-112-81\" class=\" ct-section oxy-margin-bottom-last\">\n<div class=\"ct-section-inner-wrap\"><\/div>\n<\/section>\n<\/div>\n<\/div>\n<\/div>\n<\/div>\n<\/div>\n<\/section>\n<\/div>\n<\/div>\n<\/div>\n<\/div>\n<\/div>\n<\/section>\n<\/div>\n<\/div>\n<\/div>\n<\/div>\n<\/div>\n<\/section>\n<\/div>\n<\/div>\n<\/div>\n<\/div>\n<\/div>\n<\/section>\n<section id=\"section-112-85\" class=\" ct-section oxy-margin-bottom-last\">\n<div class=\"ct-section-inner-wrap\"><\/div>\n<\/section>\n<\/div>\n<\/div>\n<\/div>\n<\/div>\n<\/div>\n<\/section>\n<section id=\"section-1383-47\" class=\" ct-section oxy-margin-bottom\">\n<div class=\"ct-section-inner-wrap\">\n<p><strong><strong>Dawkowanie:<\/strong><\/strong><\/p>\n<section id=\"section-49-77\" class=\" ct-section oxy-margin-bottom\">\n<div class=\"ct-section-inner-wrap\">\n<div id=\"_tabs_contents-59-77\" class=\"oxy-tabs-contents-wrapper oxy-tabs-contents\">\n<div id=\"_tab_content-66-77\" class=\"oxy-tab-content tabs-contents-2212-tab\">\n<div id=\"div_block-67-77\" class=\"ct-div-block\">\n<div id=\"_rich_text-68-77\" class=\"oxy-rich-text\">\n<section id=\"section-51-79\" class=\" ct-section oxy-margin-bottom\">\n<div class=\"ct-section-inner-wrap\">\n<div id=\"_tabs_contents-61-79\" class=\"oxy-tabs-contents-wrapper oxy-tabs-contents\">\n<div id=\"_tab_content-68-79\" class=\"oxy-tab-content tabs-contents-2212-tab\">\n<div id=\"div_block-69-79\" class=\"ct-div-block\">\n<div id=\"_rich_text-70-79\" class=\"oxy-rich-text\">\n<section id=\"section-51-81\" class=\" ct-section oxy-margin-bottom\">\n<div class=\"ct-section-inner-wrap\">\n<div id=\"_tabs_contents-61-81\" class=\"oxy-tabs-contents-wrapper oxy-tabs-contents\">\n<div id=\"_tab_content-68-81\" class=\"oxy-tab-content tabs-contents-2212-tab\">\n<div id=\"div_block-69-81\" class=\"ct-div-block\">\n<div id=\"_rich_text-70-81\" class=\"oxy-rich-text\"><\/div>\n<\/div>\n<\/div>\n<\/div>\n<\/div>\n<\/section>\n<section id=\"section-112-81\" class=\" ct-section oxy-margin-bottom-last\">\n<div class=\"ct-section-inner-wrap\">\n<p><img decoding=\"async\" class=\"aligncenter wp-image-955 size-full\" src=\"https:\/\/agro-expert.eu\/wp-content\/uploads\/2025\/06\/Zrzut-ekranu-2025-06-9-o-15.10.38.png\" alt=\"\" width=\"1109\" height=\"149\" srcset=\"https:\/\/agro-expert.eu\/wp-content\/uploads\/2025\/06\/Zrzut-ekranu-2025-06-9-o-15.10.38.png 1109w, https:\/\/agro-expert.eu\/wp-content\/uploads\/2025\/06\/Zrzut-ekranu-2025-06-9-o-15.10.38-300x40.png 300w, https:\/\/agro-expert.eu\/wp-content\/uploads\/2025\/06\/Zrzut-ekranu-2025-06-9-o-15.10.38-1024x138.png 1024w, https:\/\/agro-expert.eu\/wp-content\/uploads\/2025\/06\/Zrzut-ekranu-2025-06-9-o-15.10.38-768x103.png 768w, https:\/\/agro-expert.eu\/wp-content\/uploads\/2025\/06\/Zrzut-ekranu-2025-06-9-o-15.10.38-600x81.png 600w\" sizes=\"(max-width: 1109px) 100vw, 1109px\" \/><\/p>\n<div id=\"text_block-140-69\" class=\"ct-text-block\">\n<section id=\"section-71-71\" class=\" ct-section oxy-margin-bottom\">\n<div class=\"ct-section-inner-wrap\">\n<div id=\"text_block-73-71\" class=\"ct-text-block\">\n<section id=\"section-563-65\" class=\" ct-section oxy-margin-bottom\">\n<div class=\"ct-section-inner-wrap\">\n<div id=\"text_block-565-65\" class=\"ct-text-block\">\n<section id=\"section-114-73\" class=\" ct-section oxy-margin-bottom-last\">\n<div class=\"ct-section-inner-wrap\"><\/div>\n<\/section>\n<p>&nbsp;<\/p>\n<\/div>\n<\/div>\n<\/section>\n<section id=\"section-605-65\" class=\" ct-section oxy-margin-bottom-last\">\n<div class=\"ct-section-inner-wrap\"><\/div>\n<\/section>\n<\/div>\n<\/div>\n<\/section>\n<section id=\"section-113-71\" class=\" ct-section oxy-margin-bottom-last\">\n<div class=\"ct-section-inner-wrap\"><\/div>\n<\/section>\n<\/div>\n<\/div>\n<\/section>\n<\/div>\n<\/div>\n<\/div>\n<\/div>\n<\/div>\n<\/section>\n<section id=\"section-120-79\" class=\" ct-section oxy-margin-bottom\">\n<div class=\"ct-section-inner-wrap\"><\/div>\n<\/section>\n<\/div>\n<\/div>\n<\/div>\n<\/div>\n<\/div>\n<\/section>\n<section id=\"section-71-77\" class=\" ct-section oxy-margin-bottom\">\n<div class=\"ct-section-inner-wrap\"><\/div>\n<\/section>\n<section id=\"section-352-87\" class=\" ct-section oxy-margin-bottom\">\n<div class=\"ct-section-inner-wrap\"><\/div>\n<\/section>\n<\/div>\n<\/section>\n<\/div>\n<\/div>\n","protected":false},"excerpt":{"rendered":"<p>SOLER S Naw\u00f3z do s\u0142onecznika SOLER S to zawiesinowy naw\u00f3z do s\u0142onecznika wyposa\u017cony w mikroelementy, przeznaczony do dolistnego dokarmiania upraw. Naw\u00f3z ten charakteryzuje si\u0119 natychmiastowym dostarczaniem ro\u015blinom s\u0142onecznika sk\u0142adnik\u00f3w od\u017cywczych w postaci mikroelement\u00f3w w proporcjach odpowiadaj\u0105cych konkretnym wymaganiom pokarmowym tej ro\u015bliny . W nawozach SOLER zastosowano dwie innowacyjne formu\u0142y QM6\u2122 oraz SILEVEL\u2122 . Technologia QM6\u2122 &#8230; <a title=\"SOLER  S- 5L (Naw\u00f3z do s\u0142onecznika)\" class=\"read-more\" href=\"https:\/\/agro-expert.eu\/?product=soler-s-5l-nawoz-do-slonecznika\" aria-label=\"Read more about SOLER  S- 5L (Naw\u00f3z do s\u0142onecznika)\">Dowiedz si\u0119 wi\u0119cej<\/a><\/p>\n","protected":false},"featured_media":958,"comment_status":"open","ping_status":"closed","template":"","meta":{"om_disable_all_campaigns":false,"_monsterinsights_skip_tracking":false,"_monsterinsights_sitenote_active":false,"_monsterinsights_sitenote_note":"","_monsterinsights_sitenote_category":0,"_uf_show_specific_survey":0,"_uf_disable_surveys":false},"product_brand":[],"product_cat":[45,49],"product_tag":[],"class_list":{"0":"post-957","1":"product","2":"type-product","3":"status-publish","4":"has-post-thumbnail","6":"product_cat-agrarius","7":"product_cat-nawozy-agrarius","9":"first","10":"instock","11":"taxable","12":"shipping-taxable","13":"purchasable","14":"product-type-simple"},"aioseo_notices":[],"jetpack_sharing_enabled":true,"_links":{"self":[{"href":"https:\/\/agro-expert.eu\/index.php?rest_route=\/wp\/v2\/product\/957","targetHints":{"allow":["GET"]}}],"collection":[{"href":"https:\/\/agro-expert.eu\/index.php?rest_route=\/wp\/v2\/product"}],"about":[{"href":"https:\/\/agro-expert.eu\/index.php?rest_route=\/wp\/v2\/types\/product"}],"replies":[{"embeddable":true,"href":"https:\/\/agro-expert.eu\/index.php?rest_route=%2Fwp%2Fv2%2Fcomments&post=957"}],"wp:featuredmedia":[{"embeddable":true,"href":"https:\/\/agro-expert.eu\/index.php?rest_route=\/wp\/v2\/media\/958"}],"wp:attachment":[{"href":"https:\/\/agro-expert.eu\/index.php?rest_route=%2Fwp%2Fv2%2Fmedia&parent=957"}],"wp:term":[{"taxonomy":"product_brand","embeddable":true,"href":"https:\/\/agro-expert.eu\/index.php?rest_route=%2Fwp%2Fv2%2Fproduct_brand&post=957"},{"taxonomy":"product_cat","embeddable":true,"href":"https:\/\/agro-expert.eu\/index.php?rest_route=%2Fwp%2Fv2%2Fproduct_cat&post=957"},{"taxonomy":"product_tag","embeddable":true,"href":"https:\/\/agro-expert.eu\/index.php?rest_route=%2Fwp%2Fv2%2Fproduct_tag&post=957"}],"curies":[{"name":"wp","href":"https:\/\/api.w.org\/{rel}","templated":true}]}}