{"id":975,"date":"2025-06-10T15:12:32","date_gmt":"2025-06-10T13:12:32","guid":{"rendered":"https:\/\/agro-expert.eu\/?post_type=product&#038;p=975"},"modified":"2025-07-03T15:49:12","modified_gmt":"2025-07-03T13:49:12","slug":"bi-protect-1kgpreparat-bakteryjny","status":"publish","type":"product","link":"https:\/\/agro-expert.eu\/?product=bi-protect-1kgpreparat-bakteryjny","title":{"rendered":"bi protect &#8211; 1kg(Preparat bakteryjny)"},"content":{"rendered":"<div class=\"et_pb_module et_pb_image et_pb_image_0\"><\/div>\n<div class=\"et_pb_module et_pb_text et_pb_text_0 et_pb_text_align_left et_pb_bg_layout_light\">\n<div class=\"et_pb_text_inner\">\n<h1 id=\"headline-8-107\" class=\"ct-headline oxy-bakterie\">bi protect<\/h1>\n<h2 id=\"headline-9-107\" class=\"ct-headline\">Zdrowotno\u015b\u0107 ro\u015blin<\/h2>\n<div id=\"text_block-10-107\" class=\"ct-text-block\">Wyj\u0105tkowy naw\u00f3z mikrobiologiczny bi protect to wysokiej klasy produkt, zawieraj\u0105cy odpowiednio wyselekcjonowane bakterie\u00a0<i>Bacillus subtilis<\/i>\u00a0naturalnie wyst\u0119puj\u0105ce w glebie. Produkt bezpo\u015brednio wp\u0142ywa na popraw\u0119 kondycji ro\u015blin oraz przyspiesza proces rozk\u0142adu materii organicznej, aktywnie wspomagaj\u0105c kszta\u0142towanie struktury gleby.<br \/>\nSypka forma preparatu jest kluczowa dla utrzymania jego d\u0142ugotrwa\u0142ej skuteczno\u015bci. Bakterie zawarte w bi protect pe\u0142ni\u0105 istotn\u0105 rol\u0119 w uruchamianiu proces\u00f3w biologicznych w glebie, wspieraj\u0105c rozk\u0142ad materii organicznej. Naw\u00f3z mikrobiologiczny uczestniczy w formowaniu koloid\u00f3w glebowych oraz poprzez naturalne metody, wspomaga zdrowotno\u015b\u0107 ro\u015blin walcz\u0105c z patogenami.<\/div>\n<p><img fetchpriority=\"high\" decoding=\"async\" class=\"aligncenter wp-image-976 size-full\" src=\"https:\/\/agro-expert.eu\/wp-content\/uploads\/2025\/06\/Zrzut-ekranu-2025-06-10-o-15.14.37.png\" alt=\"\" width=\"1142\" height=\"294\" srcset=\"https:\/\/agro-expert.eu\/wp-content\/uploads\/2025\/06\/Zrzut-ekranu-2025-06-10-o-15.14.37.png 1142w, https:\/\/agro-expert.eu\/wp-content\/uploads\/2025\/06\/Zrzut-ekranu-2025-06-10-o-15.14.37-300x77.png 300w, https:\/\/agro-expert.eu\/wp-content\/uploads\/2025\/06\/Zrzut-ekranu-2025-06-10-o-15.14.37-1024x264.png 1024w, https:\/\/agro-expert.eu\/wp-content\/uploads\/2025\/06\/Zrzut-ekranu-2025-06-10-o-15.14.37-768x198.png 768w, https:\/\/agro-expert.eu\/wp-content\/uploads\/2025\/06\/Zrzut-ekranu-2025-06-10-o-15.14.37-600x154.png 600w\" sizes=\"(max-width: 1142px) 100vw, 1142px\" \/><\/p>\n<p><strong>DZIA\u0141ANIE:<\/strong><\/p>\n<p>Bakteria\u00a0<i>Bacillus subtilis\u00a0<\/i>jest powszechnie obecna w glebie naszej strefy klimatycznej i jest saprofitem rozk\u0142adaj\u0105cym organiczne zwi\u0105zki pochodzenia ro\u015blinnego \u2013 g\u0142\u00f3wnie w\u0119glowodany i pektyny. Dodatkowo, bakteria wytwarza antybiotyki peptydowe, takie jak subtylin\u0119 i polimyksyn\u0119 B, a tak\u017ce produkuje aminokwasy, polisacharyd o nazwie \u201einulina\u201d oraz enzymy takie jak amylaza i proteaza.<\/p>\n<p>Bakteria wydziela siderofory, takie jak bacillobaktyna, kt\u00f3re maj\u0105 zdolno\u015b\u0107 do wi\u0105zania jon\u00f3w \u017celaza, tworz\u0105c chelaty z r\u00f3\u017cnymi dost\u0119pnymi formami \u017celaza i u\u0142atwiaj\u0105c ich dost\u0119pno\u015b\u0107 dla ro\u015blin. Bia\u0142ka obecne w tych bakteriach zawieraj\u0105 r\u00f3wnie\u017c hydrofobin\u0119 bsIA, kt\u00f3ra dzia\u0142a zmniejszaj\u0105c napi\u0119cie powierzchniowe. To z kolei zwi\u0119ksza zwil\u017cenie powierzchni, na kt\u00f3rej si\u0119 rozwijaj\u0105 korzystne mikroorganizmy, prowadz\u0105c do poprawy wilgotno\u015bci w okolicy systemu korzeniowego i tworzenia dodatkowej warstwy ochronnej. Jest to bardzo istotne zw\u0142aszcza podczas okres\u00f3w suszy. Dodatkowo zawarte w bi protect bakterie\u00a0<i>Bacillus subtilis\u00a0<\/i>stabilizuj\u0105 koloidy glebowe zapewniaj\u0105c \u0142\u0105czenie si\u0119 minera\u0142\u00f3w w agregaty.<\/p>\n<p>Ostatnim istotnym elementem bakterii\u00a0<i>Bacillus subtilis\u00a0<\/i>jest zmniejszenie liczby chorobotw\u00f3rczych grzyb\u00f3w i bakterii w glebie, co sprzyja poprawie stanu zdrowotnego ro\u015blin i zwi\u0119kszeniu stanu fitosanitarnego upraw. Dzi\u0119ki szybkiemu namna\u017caniu si\u0119, bakteria ta konkuruje z innymi patogennymi mikroorganizmami o pokarm i przestrze\u0144, co naturalnie eliminuje je ze \u015brodowiska glebowego. Tym samym nie tylko redukuje obecno\u015b\u0107 szkodliwych patogen\u00f3w, ale tak\u017ce sprzyja wzrostowi korzystnych mikroorganizm\u00f3w w glebie, co wspiera jej naturalne \u015brodowisko.<\/p>\n<p><strong style=\"font-size: inherit; font-family: -apple-system, system-ui, BlinkMacSystemFont, 'Segoe UI', Helvetica, Arial, sans-serif, 'Apple Color Emoji', 'Segoe UI Emoji', 'Segoe UI Symbol';\">SK\u0141AD:\u00a0<\/strong><\/p>\n<\/div>\n<div class=\"et_pb_text_inner\">\n<section id=\"section-50-47\" class=\" ct-section oxy-margin-bottom\">\n<div class=\"ct-section-inner-wrap\">\n<div id=\"_tabs_contents-60-47\" class=\"oxy-tabs-contents-wrapper oxy-tabs-contents\">\n<div id=\"_tab_content-64-47\" class=\"oxy-tab-content tabs-contents-2212-tab\">\n<div id=\"div_block-65-47\" class=\"ct-div-block\">\n<div id=\"_rich_text-66-47\" class=\"oxy-rich-text\">\n<section id=\"section-51-85\" class=\" ct-section oxy-margin-bottom\">\n<div class=\"ct-section-inner-wrap\">\n<div id=\"_tabs_contents-61-85\" class=\"oxy-tabs-contents-wrapper oxy-tabs-contents\">\n<div id=\"_tab_content-65-85\" class=\"oxy-tab-content tabs-contents-2212-tab\">\n<div id=\"div_block-66-85\" class=\"ct-div-block\">\n<div id=\"_rich_text-67-85\" class=\"oxy-rich-text\">\n<section id=\"section-51-83\" class=\" ct-section oxy-margin-bottom\">\n<div class=\"ct-section-inner-wrap\">\n<div id=\"_tabs_contents-61-83\" class=\"oxy-tabs-contents-wrapper oxy-tabs-contents\">\n<div id=\"_tab_content-65-83\" class=\"oxy-tab-content tabs-contents-2212-tab\">\n<div id=\"div_block-66-83\" class=\"ct-div-block\">\n<div id=\"_rich_text-67-83\" class=\"oxy-rich-text\">\n<section id=\"section-49-77\" class=\" ct-section oxy-margin-bottom\">\n<div class=\"ct-section-inner-wrap\">\n<div id=\"_tabs_contents-59-77\" class=\"oxy-tabs-contents-wrapper oxy-tabs-contents\">\n<div id=\"_tab_content-63-77\" class=\"oxy-tab-content tabs-contents-2212-tab\">\n<div id=\"div_block-64-77\" class=\"ct-div-block\">\n<div id=\"_rich_text-65-77\" class=\"oxy-rich-text\">\n<section id=\"section-51-79\" class=\" ct-section oxy-margin-bottom\">\n<div class=\"ct-section-inner-wrap\">\n<div id=\"_tabs_contents-61-79\" class=\"oxy-tabs-contents-wrapper oxy-tabs-contents\">\n<div id=\"_tab_content-65-79\" class=\"oxy-tab-content tabs-contents-2212-tab\">\n<div id=\"div_block-66-79\" class=\"ct-div-block\">\n<div id=\"_rich_text-67-79\" class=\"oxy-rich-text\">\n<section id=\"section-51-81\" class=\" ct-section oxy-margin-bottom\">\n<div class=\"ct-section-inner-wrap\">\n<div id=\"_tabs_contents-61-81\" class=\"oxy-tabs-contents-wrapper oxy-tabs-contents\">\n<div id=\"_tab_content-65-81\" class=\"oxy-tab-content tabs-contents-2212-tab\">\n<div id=\"div_block-66-81\" class=\"ct-div-block\">\n<div id=\"_rich_text-67-81\" class=\"oxy-rich-text\">\n<section id=\"section-49-69\" class=\" ct-section oxy-margin-bottom\">\n<div class=\"ct-section-inner-wrap\">\n<div id=\"_tabs_contents-59-69\" class=\"oxy-tabs-contents-wrapper oxy-tabs-contents\">\n<div id=\"_tab_content-63-69\" class=\"oxy-tab-content tabs-contents-2212-tab\">\n<div id=\"div_block-64-69\" class=\"ct-div-block\">\n<div id=\"_rich_text-65-69\" class=\"oxy-rich-text\">\n<section id=\"section-49-71\" class=\" ct-section oxy-margin-bottom\">\n<div class=\"ct-section-inner-wrap\">\n<div id=\"_tabs_contents-59-71\" class=\"oxy-tabs-contents-wrapper oxy-tabs-contents\">\n<div id=\"_tab_content-63-71\" class=\"oxy-tab-content tabs-contents-2212-tab\">\n<div id=\"div_block-64-71\" class=\"ct-div-block\">\n<div id=\"_rich_text-65-71\" class=\"oxy-rich-text\">\n<section id=\"section-541-65\" class=\" ct-section oxy-margin-bottom\">\n<div class=\"ct-section-inner-wrap\">\n<div id=\"_tabs_contents-551-65\" class=\"oxy-tabs-contents-wrapper oxy-tabs-contents\">\n<div id=\"_tab_content-555-65\" class=\"oxy-tab-content tabs-contents-2212-tab\">\n<div id=\"div_block-556-65\" class=\"ct-div-block\">\n<div id=\"_rich_text-557-65\" class=\"oxy-rich-text\">\n<section id=\"section-50-67\" class=\" ct-section oxy-margin-bottom\">\n<div class=\"ct-section-inner-wrap\">\n<div id=\"_tabs_contents-60-67\" class=\"oxy-tabs-contents-wrapper oxy-tabs-contents\">\n<div id=\"_tab_content-64-67\" class=\"oxy-tab-content tabs-contents-2212-tab\">\n<div id=\"div_block-65-67\" class=\"ct-div-block\">\n<div id=\"_rich_text-66-67\" class=\"oxy-rich-text\">\n<section id=\"section-50-67\" class=\" ct-section oxy-margin-bottom\">\n<div class=\"ct-section-inner-wrap\">\n<div id=\"_tabs_contents-60-67\" class=\"oxy-tabs-contents-wrapper oxy-tabs-contents\">\n<div id=\"_tab_content-64-67\" class=\"oxy-tab-content tabs-contents-2212-tab\">\n<div id=\"div_block-65-67\" class=\"ct-div-block\">\n<div id=\"_rich_text-66-67\" class=\"oxy-rich-text\">\n<section id=\"section-50-73\" class=\" ct-section oxy-margin-bottom\">\n<div class=\"ct-section-inner-wrap\">\n<div id=\"_tabs_contents-60-73\" class=\"oxy-tabs-contents-wrapper oxy-tabs-contents\">\n<div id=\"_tab_content-64-73\" class=\"oxy-tab-content tabs-contents-2212-tab\">\n<div id=\"div_block-65-73\" class=\"ct-div-block\">\n<div id=\"_rich_text-66-73\" class=\"oxy-rich-text\">\n<section id=\"section-51-1521\" class=\" ct-section oxy-margin-bottom\">\n<div class=\"ct-section-inner-wrap\">\n<div id=\"_tabs_contents-61-1521\" class=\"oxy-tabs-contents-wrapper oxy-tabs-contents\">\n<div id=\"_tab_content-65-1521\" class=\"oxy-tab-content tabs-contents-2212-tab\">\n<div id=\"div_block-66-1521\" class=\"ct-div-block\">\n<div id=\"_rich_text-67-1521\" class=\"oxy-rich-text\">\n<section id=\"section-53-107\" class=\" ct-section oxy-margin-bottom\">\n<div class=\"ct-section-inner-wrap\">\n<div id=\"_tabs_contents-63-107\" class=\"oxy-tabs-contents-wrapper oxy-tabs-contents\">\n<div id=\"_tab_content-67-107\" class=\"oxy-tab-content tabs-contents-2212-tab\">\n<div id=\"div_block-68-107\" class=\"ct-div-block\">\n<div id=\"_rich_text-69-107\" class=\"oxy-rich-text\">Bakterie z rodzaju\u00a0<i>Bacillus subtillis\u00a0<\/i>w ilo\u015bci 5&#215;10<sup>9<\/sup>\u00a0JTK w jednym gramie produktu.<\/div>\n<\/div>\n<\/div>\n<\/div>\n<\/div>\n<\/section>\n<section id=\"section-75-107\" class=\" ct-section oxy-margin-bottom\">\n<div class=\"ct-section-inner-wrap\"><\/div>\n<\/section>\n<\/div>\n<\/div>\n<\/div>\n<\/div>\n<\/div>\n<\/section>\n<section id=\"section-112-1521\" class=\" ct-section oxy-margin-bottom-last\">\n<div class=\"ct-section-inner-wrap\"><\/div>\n<\/section>\n<\/div>\n<\/div>\n<\/div>\n<\/div>\n<\/div>\n<\/section>\n<section id=\"section-72-73\" class=\" ct-section oxy-margin-bottom\">\n<div class=\"ct-section-inner-wrap\"><\/div>\n<\/section>\n<\/div>\n<\/div>\n<\/div>\n<\/div>\n<\/div>\n<\/section>\n<section id=\"section-72-67\" class=\" ct-section oxy-margin-bottom\">\n<div class=\"ct-section-inner-wrap\"><\/div>\n<\/section>\n<\/div>\n<\/div>\n<\/div>\n<\/div>\n<\/div>\n<\/section>\n<section id=\"section-72-67\" class=\" ct-section oxy-margin-bottom\">\n<div class=\"ct-section-inner-wrap\"><\/div>\n<\/section>\n<\/div>\n<\/div>\n<\/div>\n<\/div>\n<\/div>\n<\/section>\n<section id=\"section-563-65\" class=\" ct-section oxy-margin-bottom\">\n<div class=\"ct-section-inner-wrap\"><\/div>\n<\/section>\n<\/div>\n<\/div>\n<\/div>\n<\/div>\n<\/div>\n<\/section>\n<section id=\"section-71-71\" class=\" ct-section oxy-margin-bottom\">\n<div class=\"ct-section-inner-wrap\"><\/div>\n<\/section>\n<\/div>\n<\/div>\n<\/div>\n<\/div>\n<\/div>\n<\/section>\n<section id=\"section-118-69\" class=\" ct-section oxy-margin-bottom\">\n<div class=\"ct-section-inner-wrap\"><\/div>\n<\/section>\n<\/div>\n<\/div>\n<\/div>\n<\/div>\n<\/div>\n<\/section>\n<section id=\"section-112-81\" class=\" ct-section oxy-margin-bottom-last\">\n<div class=\"ct-section-inner-wrap\"><\/div>\n<\/section>\n<\/div>\n<\/div>\n<\/div>\n<\/div>\n<\/div>\n<\/section>\n<\/div>\n<\/div>\n<\/div>\n<\/div>\n<\/div>\n<\/section>\n<\/div>\n<\/div>\n<\/div>\n<\/div>\n<\/div>\n<\/section>\n<\/div>\n<\/div>\n<\/div>\n<\/div>\n<\/div>\n<\/section>\n<section id=\"section-112-85\" class=\" ct-section oxy-margin-bottom-last\">\n<div class=\"ct-section-inner-wrap\"><\/div>\n<\/section>\n<\/div>\n<\/div>\n<\/div>\n<\/div>\n<\/div>\n<\/section>\n<section id=\"section-1383-47\" class=\" ct-section oxy-margin-bottom\">\n<div class=\"ct-section-inner-wrap\">\n<p><strong><strong>Dawkowanie:<\/strong><\/strong><\/p>\n<section id=\"section-49-77\" class=\" ct-section oxy-margin-bottom\">\n<div class=\"ct-section-inner-wrap\">\n<div id=\"_tabs_contents-59-77\" class=\"oxy-tabs-contents-wrapper oxy-tabs-contents\">\n<div id=\"_tab_content-66-77\" class=\"oxy-tab-content tabs-contents-2212-tab\">\n<div id=\"div_block-67-77\" class=\"ct-div-block\">\n<div id=\"_rich_text-68-77\" class=\"oxy-rich-text\">\n<section id=\"section-51-79\" class=\" ct-section oxy-margin-bottom\">\n<div class=\"ct-section-inner-wrap\">\n<div id=\"_tabs_contents-61-79\" class=\"oxy-tabs-contents-wrapper oxy-tabs-contents\">\n<div id=\"_tab_content-68-79\" class=\"oxy-tab-content tabs-contents-2212-tab\">\n<div id=\"div_block-69-79\" class=\"ct-div-block\">\n<div id=\"_rich_text-70-79\" class=\"oxy-rich-text\">\n<section id=\"section-51-81\" class=\" ct-section oxy-margin-bottom\">\n<div class=\"ct-section-inner-wrap\">\n<div id=\"_tabs_contents-61-81\" class=\"oxy-tabs-contents-wrapper oxy-tabs-contents\">\n<div id=\"_tab_content-68-81\" class=\"oxy-tab-content tabs-contents-2212-tab\">\n<div id=\"div_block-69-81\" class=\"ct-div-block\">\n<div id=\"_rich_text-70-81\" class=\"oxy-rich-text\"><\/div>\n<\/div>\n<\/div>\n<\/div>\n<\/div>\n<\/section>\n<section id=\"section-112-81\" class=\" ct-section oxy-margin-bottom-last\">\n<div class=\"ct-section-inner-wrap\">\n<p><img decoding=\"async\" class=\"aligncenter wp-image-977 size-full\" src=\"https:\/\/agro-expert.eu\/wp-content\/uploads\/2025\/06\/Zrzut-ekranu-2025-06-10-o-15.14.46.png\" alt=\"\" width=\"1106\" height=\"244\" srcset=\"https:\/\/agro-expert.eu\/wp-content\/uploads\/2025\/06\/Zrzut-ekranu-2025-06-10-o-15.14.46.png 1106w, https:\/\/agro-expert.eu\/wp-content\/uploads\/2025\/06\/Zrzut-ekranu-2025-06-10-o-15.14.46-300x66.png 300w, https:\/\/agro-expert.eu\/wp-content\/uploads\/2025\/06\/Zrzut-ekranu-2025-06-10-o-15.14.46-1024x226.png 1024w, https:\/\/agro-expert.eu\/wp-content\/uploads\/2025\/06\/Zrzut-ekranu-2025-06-10-o-15.14.46-768x169.png 768w, https:\/\/agro-expert.eu\/wp-content\/uploads\/2025\/06\/Zrzut-ekranu-2025-06-10-o-15.14.46-600x132.png 600w\" sizes=\"(max-width: 1106px) 100vw, 1106px\" \/><\/p>\n<div id=\"text_block-140-69\" class=\"ct-text-block\">\n<section id=\"section-71-71\" class=\" ct-section oxy-margin-bottom\">\n<div class=\"ct-section-inner-wrap\">\n<div id=\"text_block-73-71\" class=\"ct-text-block\">\n<section id=\"section-563-65\" class=\" ct-section oxy-margin-bottom\">\n<div class=\"ct-section-inner-wrap\">\n<div id=\"text_block-565-65\" class=\"ct-text-block\">\n<section id=\"section-114-73\" class=\" ct-section oxy-margin-bottom-last\">\n<div class=\"ct-section-inner-wrap\"><\/div>\n<\/section>\n<p>&nbsp;<\/p>\n<\/div>\n<\/div>\n<\/section>\n<section id=\"section-605-65\" class=\" ct-section oxy-margin-bottom-last\">\n<div class=\"ct-section-inner-wrap\"><\/div>\n<\/section>\n<\/div>\n<\/div>\n<\/section>\n<section id=\"section-113-71\" class=\" ct-section oxy-margin-bottom-last\">\n<div class=\"ct-section-inner-wrap\"><\/div>\n<\/section>\n<\/div>\n<\/div>\n<\/section>\n<\/div>\n<\/div>\n<\/div>\n<\/div>\n<\/div>\n<\/section>\n<section id=\"section-120-79\" class=\" ct-section oxy-margin-bottom\">\n<div class=\"ct-section-inner-wrap\"><\/div>\n<\/section>\n<\/div>\n<\/div>\n<\/div>\n<\/div>\n<\/div>\n<\/section>\n<section id=\"section-71-77\" class=\" ct-section oxy-margin-bottom\">\n<div class=\"ct-section-inner-wrap\"><\/div>\n<\/section>\n<section id=\"section-352-87\" class=\" ct-section oxy-margin-bottom\">\n<div class=\"ct-section-inner-wrap\"><\/div>\n<\/section>\n<\/div>\n<\/section>\n<\/div>\n<\/div>\n","protected":false},"excerpt":{"rendered":"<p>bi protect Zdrowotno\u015b\u0107 ro\u015blin Wyj\u0105tkowy naw\u00f3z mikrobiologiczny bi protect to wysokiej klasy produkt, zawieraj\u0105cy odpowiednio wyselekcjonowane bakterie\u00a0Bacillus subtilis\u00a0naturalnie wyst\u0119puj\u0105ce w glebie. Produkt bezpo\u015brednio wp\u0142ywa na popraw\u0119 kondycji ro\u015blin oraz przyspiesza proces rozk\u0142adu materii organicznej, aktywnie wspomagaj\u0105c kszta\u0142towanie struktury gleby. Sypka forma preparatu jest kluczowa dla utrzymania jego d\u0142ugotrwa\u0142ej skuteczno\u015bci. Bakterie zawarte w bi protect pe\u0142ni\u0105 &#8230; <a title=\"bi protect &#8211; 1kg(Preparat bakteryjny)\" class=\"read-more\" href=\"https:\/\/agro-expert.eu\/?product=bi-protect-1kgpreparat-bakteryjny\" aria-label=\"Read more about bi protect &#8211; 1kg(Preparat bakteryjny)\">Dowiedz si\u0119 wi\u0119cej<\/a><\/p>\n","protected":false},"featured_media":978,"comment_status":"open","ping_status":"closed","template":"","meta":{"om_disable_all_campaigns":false,"_monsterinsights_skip_tracking":false,"_monsterinsights_sitenote_active":false,"_monsterinsights_sitenote_note":"","_monsterinsights_sitenote_category":0,"_uf_show_specific_survey":0,"_uf_disable_surveys":false},"product_brand":[],"product_cat":[45,47],"product_tag":[],"class_list":{"0":"post-975","1":"product","2":"type-product","3":"status-publish","4":"has-post-thumbnail","6":"product_cat-agrarius","7":"product_cat-preparaty-bakteryjne-agrarius","9":"first","10":"instock","11":"taxable","12":"shipping-taxable","13":"purchasable","14":"product-type-simple"},"aioseo_notices":[],"jetpack_sharing_enabled":true,"_links":{"self":[{"href":"https:\/\/agro-expert.eu\/index.php?rest_route=\/wp\/v2\/product\/975","targetHints":{"allow":["GET"]}}],"collection":[{"href":"https:\/\/agro-expert.eu\/index.php?rest_route=\/wp\/v2\/product"}],"about":[{"href":"https:\/\/agro-expert.eu\/index.php?rest_route=\/wp\/v2\/types\/product"}],"replies":[{"embeddable":true,"href":"https:\/\/agro-expert.eu\/index.php?rest_route=%2Fwp%2Fv2%2Fcomments&post=975"}],"wp:featuredmedia":[{"embeddable":true,"href":"https:\/\/agro-expert.eu\/index.php?rest_route=\/wp\/v2\/media\/978"}],"wp:attachment":[{"href":"https:\/\/agro-expert.eu\/index.php?rest_route=%2Fwp%2Fv2%2Fmedia&parent=975"}],"wp:term":[{"taxonomy":"product_brand","embeddable":true,"href":"https:\/\/agro-expert.eu\/index.php?rest_route=%2Fwp%2Fv2%2Fproduct_brand&post=975"},{"taxonomy":"product_cat","embeddable":true,"href":"https:\/\/agro-expert.eu\/index.php?rest_route=%2Fwp%2Fv2%2Fproduct_cat&post=975"},{"taxonomy":"product_tag","embeddable":true,"href":"https:\/\/agro-expert.eu\/index.php?rest_route=%2Fwp%2Fv2%2Fproduct_tag&post=975"}],"curies":[{"name":"wp","href":"https:\/\/api.w.org\/{rel}","templated":true}]}}