{"id":983,"date":"2025-06-10T15:21:34","date_gmt":"2025-06-10T13:21:34","guid":{"rendered":"https:\/\/agro-expert.eu\/?post_type=product&#038;p=983"},"modified":"2025-07-03T15:49:12","modified_gmt":"2025-07-03T13:49:12","slug":"bi-fosfor-1kgpreparat-bakteryjny","status":"publish","type":"product","link":"https:\/\/agro-expert.eu\/?product=bi-fosfor-1kgpreparat-bakteryjny","title":{"rendered":"bi fosfor- 1kg(Preparat bakteryjny)"},"content":{"rendered":"<div class=\"et_pb_module et_pb_image et_pb_image_0\"><\/div>\n<div class=\"et_pb_module et_pb_text et_pb_text_0 et_pb_text_align_left et_pb_bg_layout_light\">\n<div class=\"et_pb_text_inner\">\n<h1 id=\"headline-8-105\" class=\"ct-headline oxy-bakterie\">bi fosfor<\/h1>\n<h2 id=\"headline-9-105\" class=\"ct-headline\">Bakterie fosforowe<\/h2>\n<div id=\"text_block-10-105\" class=\"ct-text-block\">Mikrobiologiczny preparat nawozowy bi fosfor zawiera bakterie fosforowe, kt\u00f3re zasilaj\u0105 gleb\u0119 i pozytywnie wp\u0142ywaj\u0105 na rozw\u00f3j ro\u015blin oraz ich zdrowotno\u015b\u0107. \u015arodek pobudza ro\u015bliny do wzrostu i plonowania poprzez dostarczanie wyselekcjonowanych szczep\u00f3w bakterii fosforowych\u00a0<i>Bacillus megaterium<\/i>\u00a0do gleby, umo\u017cliwiaj\u0105c udost\u0119pnianie fosforu dla ro\u015blin.<\/div>\n<p><img fetchpriority=\"high\" decoding=\"async\" class=\"aligncenter wp-image-984 size-full\" src=\"https:\/\/agro-expert.eu\/wp-content\/uploads\/2025\/06\/Zrzut-ekranu-2025-06-10-o-15.28.09.png\" alt=\"\" width=\"1114\" height=\"321\" srcset=\"https:\/\/agro-expert.eu\/wp-content\/uploads\/2025\/06\/Zrzut-ekranu-2025-06-10-o-15.28.09.png 1114w, https:\/\/agro-expert.eu\/wp-content\/uploads\/2025\/06\/Zrzut-ekranu-2025-06-10-o-15.28.09-300x86.png 300w, https:\/\/agro-expert.eu\/wp-content\/uploads\/2025\/06\/Zrzut-ekranu-2025-06-10-o-15.28.09-1024x295.png 1024w, https:\/\/agro-expert.eu\/wp-content\/uploads\/2025\/06\/Zrzut-ekranu-2025-06-10-o-15.28.09-768x221.png 768w, https:\/\/agro-expert.eu\/wp-content\/uploads\/2025\/06\/Zrzut-ekranu-2025-06-10-o-15.28.09-600x173.png 600w\" sizes=\"(max-width: 1114px) 100vw, 1114px\" \/><\/p>\n<p><strong>DZIA\u0141ANIE:<\/strong><\/p>\n<p>Specjalistyczny naw\u00f3z mikrobiologiczny<b>\u00a0bi fosfor<\/b>\u00a0zawiera starannie wyselekcjonowane\u00a0<b>bakterie fosforowe<\/b>\u00a0<i>Bacillus megaterium<\/i>, kt\u00f3re przyczyniaj\u0105 si\u0119 do poprawy jako\u015bci gleby. Bakterie\u00a0<i>megaterium<\/i>\u00a0s\u0105 okre\u015blane jako \u201esuperbakterie\u201d, gdy\u017c poprawiaj\u0105 zasobno\u015b\u0107 gleby w dobrze przyswajalny dla ro\u015blin fosfor. Szczepy\u00a0<i>Bacillus megaterium<\/i>\u00a0rozk\u0142adaj\u0105 uwstecznione i zwi\u0105zane formy fosforu (w tym fosforyny, fosfoniany) w fosfor o doskona\u0142ej dost\u0119pno\u015bci.<\/p>\n<p>W preparacie<b>\u00a0bi fosfor\u00a0<\/b>wykorzystano du\u017c\u0105 ilo\u015b\u0107 bakterii\u00a0<i>Bacillus megaterium<\/i>, co pozwala uzyska\u0107 na jednym hektarze nawet do 20-40 kg dodatkowego fosforu. Ten sk\u0142adnik mineralny bierze udzia\u0142 we wszystkich \u017cyciowych procesach ro\u015blin. Fosfor jest niezb\u0119dny m.in. do fotosyntezy, przemiany materii i tworzenia bia\u0142ek oraz substancji zapasowych takich jak chityna czy t\u0142uszcze. Mimo i\u017c ten sk\u0142adnik wymywa si\u0119 do\u015b\u0107 trudno, jednocze\u015bnie musi by\u0107 dost\u0119pny na konkretnej g\u0142\u0119boko\u015bci profilu glebowego \u2013 dok\u0142adnie w ryzosferze, gdzie znajduj\u0105 si\u0119 systemy korzeniowe. Wa\u017cna jest \u015bwiadomo\u015b\u0107, \u017ce ro\u015bliny pobieraj\u0105 fosfor z gleby wy\u0142\u0105cznie w postaci jon\u00f3w kwasu fosforowego (V), a odpowiednia poda\u017c tego sk\u0142adnika stanowi niezb\u0119dny element udanej uprawy.<\/p>\n<p>Niedob\u00f3r fosforu zak\u0142\u00f3ca podstawowe funkcje \u017cyciowe ro\u015blin \u2013 os\u0142abia ich wzrost i prowadzi do problem\u00f3w w rozwoju systemu korzeniowego, a przez to skutkuje gorszym pobieraniem sk\u0142adnik\u00f3w od\u017cywczych zawartych w glebie. Niestety udzia\u0142 dobrze przyswajalnej formy fosforu jest na polskich glebach zbyt ma\u0142y i zwykle trzeba go systematycznie dostarcza\u0107. Dzi\u0119ki zastosowaniu\u00a0<b>bakterii fosforowych<\/b>\u00a0nazywanych te\u017c PSB mo\u017cliwe jest rozpuszczanie fosforan\u00f3w uwstecznionych i uzyskiwanie lepiej przyswajalnych form fosforu. PSB wprowadzaj\u0105 do gleby nie tylko fosfor, ale te\u017c takie zwi\u0105zki jak auksyny, cytokininy, siderofory\u00a0i witaminy. Zastosowanie\u00a0<b>bakterii fosforowych<\/b>\u00a0z preparatu\u00a0<b>bi fosfor<\/b>\u00a0pomaga w naturalny spos\u00f3b optymalizowa\u0107 produkcj\u0119 roln\u0105.<\/p>\n<p>Mikrobiologiczny naw\u00f3z<b>\u00a0bi fosfor<\/b>\u00a0to unikalny produkt wspieraj\u0105cy ekologiczne rolnictwo. Preparat opracowany z zastosowaniem nowoczesnych technologii wp\u0142ywa pozytywnie na jako\u015b\u0107 gleby poprzez stwarzanie ro\u015blinom optymalnych warunk\u00f3w do rozwoju, wzrostu i obfitego plonowania.\u00a0<b>Bakterie fosforowe<\/b>\u00a0zawarte w\u00a0<b>bi fosfor\u00a0<\/b>sprawdzaj\u0105 si\u0119 doskonale w r\u00f3\u017cnych typach upraw, zar\u00f3wno na polu, jak i pod os\u0142onami. Ten naturalny naw\u00f3z poprawia odporno\u015b\u0107 ro\u015blin na stres, wspomaga rozw\u00f3j bry\u0142y korzeniowej i przeciwdzia\u0142a chorobotw\u00f3rczym patogenom.<\/p>\n<p><strong style=\"font-size: inherit; font-family: -apple-system, system-ui, BlinkMacSystemFont, 'Segoe UI', Helvetica, Arial, sans-serif, 'Apple Color Emoji', 'Segoe UI Emoji', 'Segoe UI Symbol';\">SK\u0141AD:\u00a0<\/strong><\/p>\n<\/div>\n<div class=\"et_pb_text_inner\">\n<section id=\"section-50-47\" class=\" ct-section oxy-margin-bottom\">\n<div class=\"ct-section-inner-wrap\">\n<div id=\"_tabs_contents-60-47\" class=\"oxy-tabs-contents-wrapper oxy-tabs-contents\">\n<div id=\"_tab_content-64-47\" class=\"oxy-tab-content tabs-contents-2212-tab\">\n<div id=\"div_block-65-47\" class=\"ct-div-block\">\n<div id=\"_rich_text-66-47\" class=\"oxy-rich-text\">\n<section id=\"section-51-85\" class=\" ct-section oxy-margin-bottom\">\n<div class=\"ct-section-inner-wrap\">\n<div id=\"_tabs_contents-61-85\" class=\"oxy-tabs-contents-wrapper oxy-tabs-contents\">\n<div id=\"_tab_content-65-85\" class=\"oxy-tab-content tabs-contents-2212-tab\">\n<div id=\"div_block-66-85\" class=\"ct-div-block\">\n<div id=\"_rich_text-67-85\" class=\"oxy-rich-text\">\n<section id=\"section-51-83\" class=\" ct-section oxy-margin-bottom\">\n<div class=\"ct-section-inner-wrap\">\n<div id=\"_tabs_contents-61-83\" class=\"oxy-tabs-contents-wrapper oxy-tabs-contents\">\n<div id=\"_tab_content-65-83\" class=\"oxy-tab-content tabs-contents-2212-tab\">\n<div id=\"div_block-66-83\" class=\"ct-div-block\">\n<div id=\"_rich_text-67-83\" class=\"oxy-rich-text\">\n<section id=\"section-49-77\" class=\" ct-section oxy-margin-bottom\">\n<div class=\"ct-section-inner-wrap\">\n<div id=\"_tabs_contents-59-77\" class=\"oxy-tabs-contents-wrapper oxy-tabs-contents\">\n<div id=\"_tab_content-63-77\" class=\"oxy-tab-content tabs-contents-2212-tab\">\n<div id=\"div_block-64-77\" class=\"ct-div-block\">\n<div id=\"_rich_text-65-77\" class=\"oxy-rich-text\">\n<section id=\"section-51-79\" class=\" ct-section oxy-margin-bottom\">\n<div class=\"ct-section-inner-wrap\">\n<div id=\"_tabs_contents-61-79\" class=\"oxy-tabs-contents-wrapper oxy-tabs-contents\">\n<div id=\"_tab_content-65-79\" class=\"oxy-tab-content tabs-contents-2212-tab\">\n<div id=\"div_block-66-79\" class=\"ct-div-block\">\n<div id=\"_rich_text-67-79\" class=\"oxy-rich-text\">\n<section id=\"section-51-81\" class=\" ct-section oxy-margin-bottom\">\n<div class=\"ct-section-inner-wrap\">\n<div id=\"_tabs_contents-61-81\" class=\"oxy-tabs-contents-wrapper oxy-tabs-contents\">\n<div id=\"_tab_content-65-81\" class=\"oxy-tab-content tabs-contents-2212-tab\">\n<div id=\"div_block-66-81\" class=\"ct-div-block\">\n<div id=\"_rich_text-67-81\" class=\"oxy-rich-text\">\n<section id=\"section-49-69\" class=\" ct-section oxy-margin-bottom\">\n<div class=\"ct-section-inner-wrap\">\n<div id=\"_tabs_contents-59-69\" class=\"oxy-tabs-contents-wrapper oxy-tabs-contents\">\n<div id=\"_tab_content-63-69\" class=\"oxy-tab-content tabs-contents-2212-tab\">\n<div id=\"div_block-64-69\" class=\"ct-div-block\">\n<div id=\"_rich_text-65-69\" class=\"oxy-rich-text\">\n<section id=\"section-49-71\" class=\" ct-section oxy-margin-bottom\">\n<div class=\"ct-section-inner-wrap\">\n<div id=\"_tabs_contents-59-71\" class=\"oxy-tabs-contents-wrapper oxy-tabs-contents\">\n<div id=\"_tab_content-63-71\" class=\"oxy-tab-content tabs-contents-2212-tab\">\n<div id=\"div_block-64-71\" class=\"ct-div-block\">\n<div id=\"_rich_text-65-71\" class=\"oxy-rich-text\">\n<section id=\"section-541-65\" class=\" ct-section oxy-margin-bottom\">\n<div class=\"ct-section-inner-wrap\">\n<div id=\"_tabs_contents-551-65\" class=\"oxy-tabs-contents-wrapper oxy-tabs-contents\">\n<div id=\"_tab_content-555-65\" class=\"oxy-tab-content tabs-contents-2212-tab\">\n<div id=\"div_block-556-65\" class=\"ct-div-block\">\n<div id=\"_rich_text-557-65\" class=\"oxy-rich-text\">\n<section id=\"section-50-67\" class=\" ct-section oxy-margin-bottom\">\n<div class=\"ct-section-inner-wrap\">\n<div id=\"_tabs_contents-60-67\" class=\"oxy-tabs-contents-wrapper oxy-tabs-contents\">\n<div id=\"_tab_content-64-67\" class=\"oxy-tab-content tabs-contents-2212-tab\">\n<div id=\"div_block-65-67\" class=\"ct-div-block\">\n<div id=\"_rich_text-66-67\" class=\"oxy-rich-text\">\n<section id=\"section-50-67\" class=\" ct-section oxy-margin-bottom\">\n<div class=\"ct-section-inner-wrap\">\n<div id=\"_tabs_contents-60-67\" class=\"oxy-tabs-contents-wrapper oxy-tabs-contents\">\n<div id=\"_tab_content-64-67\" class=\"oxy-tab-content tabs-contents-2212-tab\">\n<div id=\"div_block-65-67\" class=\"ct-div-block\">\n<div id=\"_rich_text-66-67\" class=\"oxy-rich-text\">\n<section id=\"section-50-73\" class=\" ct-section oxy-margin-bottom\">\n<div class=\"ct-section-inner-wrap\">\n<div id=\"_tabs_contents-60-73\" class=\"oxy-tabs-contents-wrapper oxy-tabs-contents\">\n<div id=\"_tab_content-64-73\" class=\"oxy-tab-content tabs-contents-2212-tab\">\n<div id=\"div_block-65-73\" class=\"ct-div-block\">\n<div id=\"_rich_text-66-73\" class=\"oxy-rich-text\">\n<section id=\"section-51-1521\" class=\" ct-section oxy-margin-bottom\">\n<div class=\"ct-section-inner-wrap\">\n<div id=\"_tabs_contents-61-1521\" class=\"oxy-tabs-contents-wrapper oxy-tabs-contents\">\n<div id=\"_tab_content-65-1521\" class=\"oxy-tab-content tabs-contents-2212-tab\">\n<div id=\"div_block-66-1521\" class=\"ct-div-block\">\n<div id=\"_rich_text-67-1521\" class=\"oxy-rich-text\">\n<section id=\"section-53-107\" class=\" ct-section oxy-margin-bottom\">\n<div class=\"ct-section-inner-wrap\">\n<div id=\"_tabs_contents-63-107\" class=\"oxy-tabs-contents-wrapper oxy-tabs-contents\">\n<div id=\"_tab_content-67-107\" class=\"oxy-tab-content tabs-contents-2212-tab\">\n<div id=\"div_block-68-107\" class=\"ct-div-block\">\n<div id=\"_rich_text-69-107\" class=\"oxy-rich-text\">\n<section id=\"section-53-105\" class=\" ct-section oxy-margin-bottom\">\n<div class=\"ct-section-inner-wrap\">\n<div id=\"_tabs_contents-63-105\" class=\"oxy-tabs-contents-wrapper oxy-tabs-contents\">\n<div id=\"_tab_content-67-105\" class=\"oxy-tab-content tabs-contents-2212-tab\">\n<div id=\"div_block-68-105\" class=\"ct-div-block\">\n<div id=\"_rich_text-69-105\" class=\"oxy-rich-text\"><i>Bacillus megaterium\u00a0<\/i>w ilo\u015bci 1&#215;10<sup>9<\/sup>\u00a0JTK w 1 gramie produktu.<\/div>\n<\/div>\n<\/div>\n<\/div>\n<\/div>\n<\/section>\n<section id=\"section-75-105\" class=\" ct-section oxy-margin-bottom\">\n<div class=\"ct-section-inner-wrap\"><\/div>\n<\/section>\n<\/div>\n<\/div>\n<\/div>\n<\/div>\n<\/div>\n<\/section>\n<section id=\"section-75-107\" class=\" ct-section oxy-margin-bottom\">\n<div class=\"ct-section-inner-wrap\"><\/div>\n<\/section>\n<\/div>\n<\/div>\n<\/div>\n<\/div>\n<\/div>\n<\/section>\n<section id=\"section-112-1521\" class=\" ct-section oxy-margin-bottom-last\">\n<div class=\"ct-section-inner-wrap\"><\/div>\n<\/section>\n<\/div>\n<\/div>\n<\/div>\n<\/div>\n<\/div>\n<\/section>\n<section id=\"section-72-73\" class=\" ct-section oxy-margin-bottom\">\n<div class=\"ct-section-inner-wrap\"><\/div>\n<\/section>\n<\/div>\n<\/div>\n<\/div>\n<\/div>\n<\/div>\n<\/section>\n<section id=\"section-72-67\" class=\" ct-section oxy-margin-bottom\">\n<div class=\"ct-section-inner-wrap\"><\/div>\n<\/section>\n<\/div>\n<\/div>\n<\/div>\n<\/div>\n<\/div>\n<\/section>\n<section id=\"section-72-67\" class=\" ct-section oxy-margin-bottom\">\n<div class=\"ct-section-inner-wrap\"><\/div>\n<\/section>\n<\/div>\n<\/div>\n<\/div>\n<\/div>\n<\/div>\n<\/section>\n<section id=\"section-563-65\" class=\" ct-section oxy-margin-bottom\">\n<div class=\"ct-section-inner-wrap\"><\/div>\n<\/section>\n<\/div>\n<\/div>\n<\/div>\n<\/div>\n<\/div>\n<\/section>\n<section id=\"section-71-71\" class=\" ct-section oxy-margin-bottom\">\n<div class=\"ct-section-inner-wrap\"><\/div>\n<\/section>\n<\/div>\n<\/div>\n<\/div>\n<\/div>\n<\/div>\n<\/section>\n<section id=\"section-118-69\" class=\" ct-section oxy-margin-bottom\">\n<div class=\"ct-section-inner-wrap\"><\/div>\n<\/section>\n<\/div>\n<\/div>\n<\/div>\n<\/div>\n<\/div>\n<\/section>\n<section id=\"section-112-81\" class=\" ct-section oxy-margin-bottom-last\">\n<div class=\"ct-section-inner-wrap\"><\/div>\n<\/section>\n<\/div>\n<\/div>\n<\/div>\n<\/div>\n<\/div>\n<\/section>\n<\/div>\n<\/div>\n<\/div>\n<\/div>\n<\/div>\n<\/section>\n<\/div>\n<\/div>\n<\/div>\n<\/div>\n<\/div>\n<\/section>\n<\/div>\n<\/div>\n<\/div>\n<\/div>\n<\/div>\n<\/section>\n<section id=\"section-112-85\" class=\" ct-section oxy-margin-bottom-last\">\n<div class=\"ct-section-inner-wrap\"><\/div>\n<\/section>\n<\/div>\n<\/div>\n<\/div>\n<\/div>\n<\/div>\n<\/section>\n<section id=\"section-1383-47\" class=\" ct-section oxy-margin-bottom\">\n<div class=\"ct-section-inner-wrap\">\n<p><strong><strong>Dawkowanie:<\/strong><\/strong><\/p>\n<section id=\"section-49-77\" class=\" ct-section oxy-margin-bottom\">\n<div class=\"ct-section-inner-wrap\">\n<div id=\"_tabs_contents-59-77\" class=\"oxy-tabs-contents-wrapper oxy-tabs-contents\">\n<div id=\"_tab_content-66-77\" class=\"oxy-tab-content tabs-contents-2212-tab\">\n<div id=\"div_block-67-77\" class=\"ct-div-block\">\n<div id=\"_rich_text-68-77\" class=\"oxy-rich-text\">\n<section id=\"section-51-79\" class=\" ct-section oxy-margin-bottom\">\n<div class=\"ct-section-inner-wrap\">\n<div id=\"_tabs_contents-61-79\" class=\"oxy-tabs-contents-wrapper oxy-tabs-contents\">\n<div id=\"_tab_content-68-79\" class=\"oxy-tab-content tabs-contents-2212-tab\">\n<div id=\"div_block-69-79\" class=\"ct-div-block\">\n<div id=\"_rich_text-70-79\" class=\"oxy-rich-text\">\n<section id=\"section-51-81\" class=\" ct-section oxy-margin-bottom\">\n<div class=\"ct-section-inner-wrap\">\n<div id=\"_tabs_contents-61-81\" class=\"oxy-tabs-contents-wrapper oxy-tabs-contents\">\n<div id=\"_tab_content-68-81\" class=\"oxy-tab-content tabs-contents-2212-tab\">\n<div id=\"div_block-69-81\" class=\"ct-div-block\">\n<div id=\"_rich_text-70-81\" class=\"oxy-rich-text\"><\/div>\n<\/div>\n<\/div>\n<\/div>\n<\/div>\n<\/section>\n<section id=\"section-112-81\" class=\" ct-section oxy-margin-bottom-last\">\n<div class=\"ct-section-inner-wrap\">\n<p><img decoding=\"async\" class=\"aligncenter wp-image-985 size-full\" src=\"https:\/\/agro-expert.eu\/wp-content\/uploads\/2025\/06\/Zrzut-ekranu-2025-06-10-o-15.29.10.png\" alt=\"\" width=\"1115\" height=\"250\" srcset=\"https:\/\/agro-expert.eu\/wp-content\/uploads\/2025\/06\/Zrzut-ekranu-2025-06-10-o-15.29.10.png 1115w, https:\/\/agro-expert.eu\/wp-content\/uploads\/2025\/06\/Zrzut-ekranu-2025-06-10-o-15.29.10-300x67.png 300w, https:\/\/agro-expert.eu\/wp-content\/uploads\/2025\/06\/Zrzut-ekranu-2025-06-10-o-15.29.10-1024x230.png 1024w, https:\/\/agro-expert.eu\/wp-content\/uploads\/2025\/06\/Zrzut-ekranu-2025-06-10-o-15.29.10-768x172.png 768w, https:\/\/agro-expert.eu\/wp-content\/uploads\/2025\/06\/Zrzut-ekranu-2025-06-10-o-15.29.10-600x135.png 600w\" sizes=\"(max-width: 1115px) 100vw, 1115px\" \/><\/p>\n<h3 id=\"headline-76-105\" class=\"ct-headline\">Dodatkowe informacje:<\/h3>\n<div id=\"_rich_text-77-105\" class=\"oxy-rich-text\">\n<p>Preparat\u00a0<b>bi fosfor<\/b>\u00a0z\u00a0<b>bakteriami fosforowymi<\/b>\u00a0nale\u017cy stosowa\u0107 zawsze na wilgotn\u0105 gleb\u0119, najlepiej razem z kwasami humusowymi sprzyjaj\u0105cymi namna\u017caniu si\u0119 bakterii. Nawozu nie nale\u017cy u\u017cywa\u0107 podczas s\u0142onecznej pogody oraz w czasie suszy. Nie zaleca si\u0119 te\u017c mieszania go z fungicydami.<\/p>\n<p><b>bi fosfor<\/b>\u00a0zosta\u0142 dopuszczony do stosowania w uprawach ekologicznych przez Instytut Uprawy Nawo\u017cenia i Gleboznawstwa, numer dopuszczenia: (SE\/26\/2020).<\/p>\n<\/div>\n<div id=\"text_block-140-69\" class=\"ct-text-block\">\n<section id=\"section-71-71\" class=\" ct-section oxy-margin-bottom\">\n<div class=\"ct-section-inner-wrap\">\n<div id=\"text_block-73-71\" class=\"ct-text-block\">\n<section id=\"section-563-65\" class=\" ct-section oxy-margin-bottom\">\n<div class=\"ct-section-inner-wrap\">\n<div id=\"text_block-565-65\" class=\"ct-text-block\">\n<p>&nbsp;<\/p>\n<\/div>\n<\/div>\n<\/section>\n<section id=\"section-605-65\" class=\" ct-section oxy-margin-bottom-last\">\n<div class=\"ct-section-inner-wrap\"><\/div>\n<\/section>\n<\/div>\n<\/div>\n<\/section>\n<section id=\"section-113-71\" class=\" ct-section oxy-margin-bottom-last\">\n<div class=\"ct-section-inner-wrap\"><\/div>\n<\/section>\n<\/div>\n<\/div>\n<\/section>\n<\/div>\n<\/div>\n<\/div>\n<\/div>\n<\/div>\n<\/section>\n<section id=\"section-120-79\" class=\" ct-section oxy-margin-bottom\">\n<div class=\"ct-section-inner-wrap\"><\/div>\n<\/section>\n<\/div>\n<\/div>\n<\/div>\n<\/div>\n<\/div>\n<\/section>\n<section id=\"section-71-77\" class=\" ct-section oxy-margin-bottom\">\n<div class=\"ct-section-inner-wrap\"><\/div>\n<\/section>\n<section id=\"section-352-87\" class=\" ct-section oxy-margin-bottom\">\n<div class=\"ct-section-inner-wrap\"><\/div>\n<\/section>\n<\/div>\n<\/section>\n<\/div>\n<\/div>\n","protected":false},"excerpt":{"rendered":"<p>bi fosfor Bakterie fosforowe Mikrobiologiczny preparat nawozowy bi fosfor zawiera bakterie fosforowe, kt\u00f3re zasilaj\u0105 gleb\u0119 i pozytywnie wp\u0142ywaj\u0105 na rozw\u00f3j ro\u015blin oraz ich zdrowotno\u015b\u0107. \u015arodek pobudza ro\u015bliny do wzrostu i plonowania poprzez dostarczanie wyselekcjonowanych szczep\u00f3w bakterii fosforowych\u00a0Bacillus megaterium\u00a0do gleby, umo\u017cliwiaj\u0105c udost\u0119pnianie fosforu dla ro\u015blin. DZIA\u0141ANIE: Specjalistyczny naw\u00f3z mikrobiologiczny\u00a0bi fosfor\u00a0zawiera starannie wyselekcjonowane\u00a0bakterie fosforowe\u00a0Bacillus megaterium, kt\u00f3re przyczyniaj\u0105 &#8230; <a title=\"bi fosfor- 1kg(Preparat bakteryjny)\" class=\"read-more\" href=\"https:\/\/agro-expert.eu\/?product=bi-fosfor-1kgpreparat-bakteryjny\" aria-label=\"Read more about bi fosfor- 1kg(Preparat bakteryjny)\">Dowiedz si\u0119 wi\u0119cej<\/a><\/p>\n","protected":false},"featured_media":986,"comment_status":"open","ping_status":"closed","template":"","meta":{"om_disable_all_campaigns":false,"_monsterinsights_skip_tracking":false,"_monsterinsights_sitenote_active":false,"_monsterinsights_sitenote_note":"","_monsterinsights_sitenote_category":0,"_uf_show_specific_survey":0,"_uf_disable_surveys":false},"product_brand":[],"product_cat":[45,47],"product_tag":[],"class_list":{"0":"post-983","1":"product","2":"type-product","3":"status-publish","4":"has-post-thumbnail","6":"product_cat-agrarius","7":"product_cat-preparaty-bakteryjne-agrarius","9":"first","10":"instock","11":"taxable","12":"shipping-taxable","13":"purchasable","14":"product-type-simple"},"aioseo_notices":[],"jetpack_sharing_enabled":true,"_links":{"self":[{"href":"https:\/\/agro-expert.eu\/index.php?rest_route=\/wp\/v2\/product\/983","targetHints":{"allow":["GET"]}}],"collection":[{"href":"https:\/\/agro-expert.eu\/index.php?rest_route=\/wp\/v2\/product"}],"about":[{"href":"https:\/\/agro-expert.eu\/index.php?rest_route=\/wp\/v2\/types\/product"}],"replies":[{"embeddable":true,"href":"https:\/\/agro-expert.eu\/index.php?rest_route=%2Fwp%2Fv2%2Fcomments&post=983"}],"wp:featuredmedia":[{"embeddable":true,"href":"https:\/\/agro-expert.eu\/index.php?rest_route=\/wp\/v2\/media\/986"}],"wp:attachment":[{"href":"https:\/\/agro-expert.eu\/index.php?rest_route=%2Fwp%2Fv2%2Fmedia&parent=983"}],"wp:term":[{"taxonomy":"product_brand","embeddable":true,"href":"https:\/\/agro-expert.eu\/index.php?rest_route=%2Fwp%2Fv2%2Fproduct_brand&post=983"},{"taxonomy":"product_cat","embeddable":true,"href":"https:\/\/agro-expert.eu\/index.php?rest_route=%2Fwp%2Fv2%2Fproduct_cat&post=983"},{"taxonomy":"product_tag","embeddable":true,"href":"https:\/\/agro-expert.eu\/index.php?rest_route=%2Fwp%2Fv2%2Fproduct_tag&post=983"}],"curies":[{"name":"wp","href":"https:\/\/api.w.org\/{rel}","templated":true}]}}